{"id":143,"date":"2016-08-11T07:36:22","date_gmt":"2016-08-11T07:36:22","guid":{"rendered":"http:\/\/sw-themes.com\/porto_dummy\/?page_id=143"},"modified":"2020-06-16T09:55:28","modified_gmt":"2020-06-16T08:55:28","slug":"zyre-ligjore","status":"publish","type":"page","link":"https:\/\/legus.al\/en\/","title":{"rendered":"Law Office"},"content":{"rendered":"<p>[vc_row wrap_container=&#8221;yes&#8221; is_section=&#8221;yes&#8221; remove_margin_top=&#8221;yes&#8221; remove_border=&#8221;yes&#8221;][vc_column width=&#8221;7\/12&#8243;][vc_custom_heading text=&#8221;About US&#8221; use_theme_fonts=&#8221;yes&#8221; el_class=&#8221;m-t-lg m-b-none&#8221;][vc_separator color=&#8221;custom&#8221; align=&#8221;align_left&#8221; border_width=&#8221;3&#8243; type=&#8221;small&#8221; accent_color=&#8221;#cfa968&#8243;][vc_column_text el_class=&#8221;m-t-lg&#8221;]The Legus law firm represents and assists companies and individual clients, on a national and international scale, providing legal assistance principally in the field of civil and corporate law.<br \/>\nThe law firm&#8217;s working teams always try to combine different specializations and experiences, in order to assure the client a complete and coherent assistance.<\/p>\n<p><a href=\"https:\/\/legus.al\/about-us\/\">Read More <i class=\"fa fa-long-arrow-right\"><\/i><\/a>[\/vc_column_text][\/vc_column][vc_column width=&#8221;1\/12&#8243;][\/vc_column][vc_column width=&#8221;4\/12&#8243;][vc_custom_heading text=&#8221;Our Commitment&#8221; font_container=&#8221;tag:h4|text_align:left&#8221; use_theme_fonts=&#8221;yes&#8221; el_class=&#8221;m-t-lg m-b-none&#8221;][vc_separator color=&#8221;custom&#8221; align=&#8221;align_left&#8221; border_width=&#8221;3&#8243; type=&#8221;small&#8221; accent_color=&#8221;#cfa968&#8243;][vc_column_text el_class=&#8221;m-t-lg&#8221;]From Legus the relationship between the professionals of the study on the one hand, and associates on the other side is particularly high, in order to offer the client team of work with proven expertise and experience both in extrajudicial and judicial, in every branch of law.[\/vc_column_text][\/vc_column][\/vc_row][vc_row wrap_container=&#8221;yes&#8221;][vc_column][vc_custom_heading text=&#8221;Practice Areas&#8221; font_container=&#8221;tag:h2|text_align:center&#8221; use_theme_fonts=&#8221;yes&#8221; el_class=&#8221;m-b-none m-t-lg&#8221;][vc_separator color=&#8221;custom&#8221; border_width=&#8221;3&#8243; type=&#8221;small&#8221; accent_color=&#8221;#cfa968&#8243; el_class=&#8221;m-b-lg&#8221;][vc_row_inner animation_type=&#8221;fadeInUp&#8221;][vc_column_inner width=&#8221;1\/3&#8243;]<div class=\"porto-sicon-wrapper style_1\"><div class=\"porto-sicon-box left-icon\" style=\"\"  ><div class=\"porto-sicon-left\"><div id=\"porto-icon-5454624369ecd25c92012\" class=\"porto-just-icon-wrapper  \"><div class=\"align-icon\" style=\"text-align:center;\">\n<div class=\"porto-sicon-img \" style=\"font-size:55px;display:inline-block;\" >\n\t<img decoding=\"async\" class=\"img-icon\" alt=\"\" src=\"https:\/\/legus.al\/wp-content\/uploads\/2016\/08\/capital-law.png\"\/>\n<\/div><\/div><\/div><\/div><div class=\"porto-sicon-body\"><div class=\"porto-sicon-header\" ><h3 class=\"porto-sicon-title\" style=\"\">Commercial Law<\/h3><\/div> <!-- header --><div class=\"porto-sicon-description\" style=\"\">The Firm has consolidated experience and expertise in consulting and assistance to companies and capital companies.<a class=\"porto-sicon-read xx\" href=\"https:\/\/legus.al\/practice-areas\/\"   >Read More&nbsp;&raquo;<\/a><\/div> <!-- description --><\/div><\/div> <!-- porto-sicon-box --><\/div>[\/vc_column_inner][vc_column_inner width=&#8221;1\/3&#8243;]<div class=\"porto-sicon-wrapper style_1\"><div class=\"porto-sicon-box left-icon\" style=\"\"  ><div class=\"porto-sicon-left\"><div id=\"porto-icon-29655213569ecd25c920f1\" class=\"porto-just-icon-wrapper  \"><div class=\"align-icon\" style=\"text-align:center;\">\n<div class=\"porto-sicon-img \" style=\"font-size:55px;display:inline-block;\" >\n\t<img decoding=\"async\" class=\"img-icon\" alt=\"\" src=\"https:\/\/legus.al\/wp-content\/uploads\/2016\/08\/health-law.png\"\/>\n<\/div><\/div><\/div><\/div><div class=\"porto-sicon-body\"><div class=\"porto-sicon-header\" ><h3 class=\"porto-sicon-title\" style=\"\">Labor Law<\/h3><\/div> <!-- header --><div class=\"porto-sicon-description\" style=\"\">The Law Firm provides legal advice on labor law, supporting a wide and varied clientele that includes\u00a0companies..<a class=\"porto-sicon-read xx\" href=\"https:\/\/legus.al\/practice-areas\/\"   >Read More&nbsp;&raquo;<\/a><\/div> <!-- description --><\/div><\/div> <!-- porto-sicon-box --><\/div>[\/vc_column_inner][vc_column_inner width=&#8221;1\/3&#8243;]<div class=\"porto-sicon-wrapper style_1\"><div class=\"porto-sicon-box left-icon\" style=\"\"  ><div class=\"porto-sicon-left\"><div id=\"porto-icon-193368362469ecd25c921c8\" class=\"porto-just-icon-wrapper  \"><div class=\"align-icon\" style=\"text-align:center;\">\n<div class=\"porto-sicon-img \" style=\"font-size:55px;display:inline-block;\" >\n\t<img decoding=\"async\" class=\"img-icon\" alt=\"\" src=\"https:\/\/legus.al\/wp-content\/uploads\/2016\/08\/criminal-law.png\"\/>\n<\/div><\/div><\/div><\/div><div class=\"porto-sicon-body\"><div class=\"porto-sicon-header\" ><h3 class=\"porto-sicon-title\" style=\"\">Debt Collection<\/h3><\/div> <!-- header --><div class=\"porto-sicon-description\" style=\"\">Experience, discretion, professionalism and a certified quality system are provided by the law firm to guarantee..<a class=\"porto-sicon-read xx\" href=\"https:\/\/legus.al\/practice-areas\/\"   >Read More&nbsp;&raquo;<\/a><\/div> <!-- description --><\/div><\/div> <!-- porto-sicon-box --><\/div>[\/vc_column_inner][\/vc_row_inner][vc_row_inner el_class=&#8221;m-b-xl&#8221; animation_type=&#8221;fadeInUp&#8221;][vc_column_inner width=&#8221;1\/3&#8243;]<div class=\"porto-sicon-wrapper style_1\"><div class=\"porto-sicon-box left-icon\" style=\"\"  ><div class=\"porto-sicon-left\"><div id=\"porto-icon-45108654669ecd25c92281\" class=\"porto-just-icon-wrapper  \"><div class=\"align-icon\" style=\"text-align:center;\">\n<div class=\"porto-sicon-img \" style=\"font-size:55px;display:inline-block;\" >\n\t<img decoding=\"async\" class=\"img-icon\" alt=\"\" src=\"https:\/\/legus.al\/wp-content\/uploads\/2016\/08\/divorce-law.png\"\/>\n<\/div><\/div><\/div><\/div><div class=\"porto-sicon-body\"><div class=\"porto-sicon-header\" ><h3 class=\"porto-sicon-title\" style=\"\">Family Law<\/h3><\/div> <!-- header --><div class=\"porto-sicon-description\" style=\"\">The study makes use of the collaboration of experts in the field with specific skills in separation,\u00a0cohabitation..<a class=\"porto-sicon-read xx\" href=\"https:\/\/legus.al\/practice-areas\/\"   >Read More&nbsp;&raquo;<\/a><\/div> <!-- description --><\/div><\/div> <!-- porto-sicon-box --><\/div>[\/vc_column_inner][vc_column_inner width=&#8221;1\/3&#8243;]<div class=\"porto-sicon-wrapper style_1\"><div class=\"porto-sicon-box left-icon\" style=\"\"  ><div class=\"porto-sicon-left\"><div id=\"porto-icon-61211010069ecd25c92323\" class=\"porto-just-icon-wrapper  \"><div class=\"align-icon\" style=\"text-align:center;\">\n<div class=\"porto-sicon-img \" style=\"font-size:55px;display:inline-block;\" >\n\t<img decoding=\"async\" class=\"img-icon\" alt=\"\" src=\"https:\/\/legus.al\/wp-content\/uploads\/2016\/08\/business-law.png\"\/>\n<\/div><\/div><\/div><\/div><div class=\"porto-sicon-body\"><div class=\"porto-sicon-header\" ><h3 class=\"porto-sicon-title\" style=\"\">Energy<\/h3><\/div> <!-- header --><div class=\"porto-sicon-description\" style=\"\">The Law Firm has developed a broad knowledge of the mining sector and the energy sector, affected by..<a class=\"porto-sicon-read xx\" href=\"https:\/\/legus.al\/practice-areas\/\"   >Read More&nbsp;&raquo;<\/a><\/div> <!-- description --><\/div><\/div> <!-- porto-sicon-box --><\/div>[\/vc_column_inner][vc_column_inner width=&#8221;1\/3&#8243;]<div class=\"porto-sicon-wrapper style_1\"><div class=\"porto-sicon-box left-icon\" style=\"\"  ><div class=\"porto-sicon-left\"><div id=\"porto-icon-79740663269ecd25c923c3\" class=\"porto-just-icon-wrapper  \"><div class=\"align-icon\" style=\"text-align:center;\">\n<div class=\"porto-sicon-img \" style=\"font-size:55px;display:inline-block;\" >\n\t<img decoding=\"async\" class=\"img-icon\" alt=\"\" src=\"https:\/\/legus.al\/wp-content\/uploads\/2016\/08\/accident-law.png\"\/>\n<\/div><\/div><\/div><\/div><div class=\"porto-sicon-body\"><div class=\"porto-sicon-header\" ><h3 class=\"porto-sicon-title\" style=\"\">Other<\/h3><\/div> <!-- header --><div class=\"porto-sicon-description\" style=\"\">Compensation for Damages, Banking Right, Concessions, Intellectual Property, Trademarks and Patents.<a class=\"porto-sicon-read xx\" href=\"https:\/\/legus.al\/practice-areas\/\"   >Read More&nbsp;&raquo;<\/a><\/div> <!-- description --><\/div><\/div> <!-- porto-sicon-box --><\/div>[\/vc_column_inner][\/vc_row_inner][\/vc_column][\/vc_row][vc_row disable_element=&#8221;yes&#8221; wrap_container=&#8221;yes&#8221; is_section=&#8221;yes&#8221; section_skin=&#8221;parallax&#8221; remove_margin_top=&#8221;yes&#8221; remove_margin_bottom=&#8221;yes&#8221; remove_padding_bottom=&#8221;yes&#8221; remove_border=&#8221;yes&#8221;][vc_column][vc_custom_heading text=&#8221;Attorneys&#8221; font_container=&#8221;tag:h2|text_align:center&#8221; use_theme_fonts=&#8221;yes&#8221; el_class=&#8221;m-b-none m-t-sm&#8221;][vc_separator color=&#8221;custom&#8221; border_width=&#8221;3&#8243; type=&#8221;small&#8221; accent_color=&#8221;#cfa968&#8243; el_class=&#8221;m-b-lg&#8221;][\/vc_column][\/vc_row][vc_row parallax=&#8221;content-moving&#8221; parallax_image=&#8221;18&#8243; parallax_speed_bg=&#8221;1.8&#8243; wrap_container=&#8221;yes&#8221; is_section=&#8221;yes&#8221; section_skin=&#8221;parallax&#8221; remove_margin_top=&#8221;yes&#8221; remove_margin_bottom=&#8221;yes&#8221; remove_border=&#8221;yes&#8221;][vc_column width=&#8221;1\/3&#8243; el_class=&#8221;m-t-md m<br \/>\n-b-md&#8221;]<div class=\"stats-block stats-top  m-b-none \"><div class=\"porto-sicon-top\"><div id=\"porto-icon-165986081469ecd25c925ed\" class=\"porto-just-icon-wrapper  \"><div class=\"align-icon\" style=\"text-align:center;\"><\/div><\/div><\/div><div class=\"stats-desc\"><div id=\"counter_31742008569ecd25c925fd\" data-id=\"counter_31742008569ecd25c925fd\" class=\"stats-number\" style=\"font-size:50px; color:#ffffff; color:#ffffff;\" data-speed=\"3\" data-counter-value=\"100\" data-separator=\"none\" data-decimal=\"none\">0<\/div><div class=\"counter_suffix mycust\" style=\"font-size:50px; color:#ffffff\">+<\/div><div class=\"stats-text\" style=\"font-size:20px; color:#ffffff; \">Clients<\/div><\/div><\/div>[\/vc_column][vc_column width=&#8221;1\/3&#8243; el_class=&#8221;m-t-md m-b-md&#8221;]<div class=\"stats-block stats-top  m-b-none \"><div class=\"porto-sicon-top\"><div id=\"porto-icon-178282369669ecd25c9268a\" class=\"porto-just-icon-wrapper  \"><div class=\"align-icon\" style=\"text-align:center;\"><\/div><\/div><\/div><div class=\"stats-desc\"><div id=\"counter_18344152069ecd25c92695\" data-id=\"counter_18344152069ecd25c92695\" class=\"stats-number\" style=\"font-size:50px; color:#ffffff; color:#ffffff;\" data-speed=\"3\" data-counter-value=\"200\" data-separator=\"none\" data-decimal=\"none\">0<\/div><div class=\"counter_suffix mycust\" style=\"font-size:50px; color:#ffffff\">+<\/div><div class=\"stats-text\" style=\"font-size:20px; color:#ffffff; \">Cases<\/div><\/div><\/div>[\/vc_column][vc_column width=&#8221;1\/3&#8243; el_class=&#8221;m-t-md m-b-md&#8221;]<div class=\"stats-block stats-top  m-b-none \"><div class=\"porto-sicon-top\"><div id=\"porto-icon-207649734669ecd25c92710\" class=\"porto-just-icon-wrapper  \"><div class=\"align-icon\" style=\"text-align:center;\"><\/div><\/div><\/div><div class=\"stats-desc\"><div id=\"counter_87018007369ecd25c9271a\" data-id=\"counter_87018007369ecd25c9271a\" class=\"stats-number\" style=\"font-size:50px; color:#ffffff; color:#ffffff;\" data-speed=\"3\" data-counter-value=\"15\" data-separator=\"none\" data-decimal=\"none\">0<\/div><div class=\"stats-text\" style=\"font-size:20px; color:#ffffff; \">Years of Experience<\/div><\/div><\/div>[\/vc_column][\/vc_row][vc_row wrap_container=&#8221;yes&#8221; is_section=&#8221;yes&#8221; section_skin=&#8221;parallax&#8221; remove_margin_top=&#8221;yes&#8221; remove_margin_bottom=&#8221;yes&#8221; remove_padding_bottom=&#8221;yes&#8221; remove_border=&#8221;yes&#8221;][vc_column][vc_custom_heading text=&#8221;News&#8221; font_container=&#8221;tag:h2|text_align:center&#8221; use_theme_fonts=&#8221;yes&#8221; el_class=&#8221;m-b-none m-t-sm&#8221;][vc_separator color=&#8221;custom&#8221; border_width=&#8221;3&#8243; type=&#8221;small&#8221; accent_color=&#8221;#cfa968&#8243; el_class=&#8221;m-b-lg&#8221;]<div class=\"porto-recent-posts wpb_content_element \">    <div class=\"row\">\r\n        <div class=\"post-carousel porto-carousel owl-carousel\" data-plugin-options=\"{&quot;themeConfig&quot;:true,&quot;lg&quot;:2,&quot;md&quot;:1,&quot;sm&quot;:1}\">\r\n            <div class=\"post-slide\"><div class=\"post-item style-4 post-title-simple\"> <span class=\"thumb-info thumb-info-side-image thumb-info-no-zoom\">\n    <span class=\"thumb-info-caption\"> <span class=\"thumb-info-caption-text\"> <a class=\"post-title\" href=\"https:\/\/legus.al\/en\/perche-costituire-unazienda-in-albania\/\">\n  <h2 class=\"m-b-sm m-t-xs\">\n    WHY BUILD A COMPANY IN ALBANIA?  <\/h2>\n  <\/a>\n  <div class=\"post-meta m-b-sm\">\n            Friday November 30th, 2018             |     <a href=\"https:\/\/legus.al\/en\/author\/legus\/\" title=\"Posts by Legus\" rel=\"author\">Legus<\/a>             |     <a href=\"https:\/\/legus.al\/en\/category\/news\/\" rel=\"category tag\">News<\/a>                  <\/div>\n  <p class=\"post-excerpt\">Albania has very deep links with Italy thanks to its enormous proximity. This means that communications are very cheap...  <a class=\"read-more read-more-block\" href=\"https:\/\/legus.al\/en\/perche-costituire-unazienda-in-albania\/\">Read More <i class=\"fa fa-long-arrow-right\"><\/i><\/a><\/p> <\/span> <\/span> <\/span> <\/div>\n<\/div><div class=\"post-slide\"><div class=\"post-item style-4 post-title-simple\"> <span class=\"thumb-info thumb-info-side-image thumb-info-no-zoom\">\n    <span class=\"thumb-info-caption\"> <span class=\"thumb-info-caption-text\"> <a class=\"post-title\" href=\"https:\/\/legus.al\/en\/le-tipologie-di-societa-in-albania\/\">\n  <h2 class=\"m-b-sm m-t-xs\">\n    TYPES OF SOCIETY IN ALBANIA  <\/h2>\n  <\/a>\n  <div class=\"post-meta m-b-sm\">\n            Friday November 30th, 2018             |     <a href=\"https:\/\/legus.al\/en\/author\/legus\/\" title=\"Posts by Legus\" rel=\"author\">Legus<\/a>             |     <a href=\"https:\/\/legus.al\/en\/category\/news\/\" rel=\"category tag\">News<\/a>                  <\/div>\n  <p class=\"post-excerpt\">According to the law n. 9901 of 14.04.2008, &#8220;For merchants and commercial companies&#8221; which includes all the company law...  <a class=\"read-more read-more-block\" href=\"https:\/\/legus.al\/en\/le-tipologie-di-societa-in-albania\/\">Read More <i class=\"fa fa-long-arrow-right\"><\/i><\/a><\/p> <\/span> <\/span> <\/span> <\/div>\n<\/div>        <\/div>\r\n    <\/div>\r\n    <\/div>[vc_empty_space height=&#8221;15&#8243;][\/vc_column][\/vc_row]<\/p>","protected":false},"excerpt":{"rendered":"<p>[vc_row wrap_container=&#8221;yes&#8221; is_section=&#8221;yes&#8221; remove_margin_top=&#8221;yes&#8221; remove_border=&#8221;yes&#8221;][vc_column width=&#8221;7\/12&#8243;][vc_custom_heading text=&#8221;About US&#8221; use_theme_fonts=&#8221;yes&#8221; el_class=&#8221;m-t-lg m-b-none&#8221;][vc_separator color=&#8221;custom&#8221; align=&#8221;align_left&#8221; border_width=&#8221;3&#8243; type=&#8221;small&#8221; accent_color=&#8221;#cfa968&#8243;][vc_column_text el_class=&#8221;m-t-lg&#8221;]The Legus law firm represents and assists companies and individual clients, on a national and international scale, providing legal assistance principally in the field of civil and corporate law. The law firm&#8217;s working teams always try to combine different [&hellip;]<\/p>\n","protected":false},"author":1,"featured_media":0,"parent":0,"menu_order":0,"comment_status":"closed","ping_status":"closed","template":"","meta":{"footnotes":""},"class_list":["post-143","page","type-page","status-publish","hentry"],"yoast_head":"<!-- This site is optimized with the Yoast SEO plugin v24.7 - https:\/\/yoast.com\/wordpress\/plugins\/seo\/ -->\n<title>Law Office - Legus<\/title>\n<meta name=\"description\" content=\"Legus Zyr\u00eb Ligjore, p\u00ebrfaq\u00ebson dhe ndihmon kompanit\u00eb dhe klient\u00ebt individual\u00eb, komb\u00ebtare dhe nd\u00ebrkomb\u00ebtare, duke ofruar k\u00ebshilla t\u00eb plota ligjore n\u00eb fush\u00ebn e s\u00eb drejt\u00ebs civile dhe tregtare.\" \/>\n<meta name=\"robots\" content=\"index, follow, max-snippet:-1, max-image-preview:large, max-video-preview:-1\" \/>\n<link rel=\"canonical\" href=\"https:\/\/legus.al\/it\/\" \/>\n<meta property=\"og:locale\" content=\"en_US\" \/>\n<meta property=\"og:type\" content=\"article\" \/>\n<meta property=\"og:title\" content=\"Law Office - Legus\" \/>\n<meta property=\"og:description\" content=\"Legus Zyr\u00eb Ligjore, p\u00ebrfaq\u00ebson dhe ndihmon kompanit\u00eb dhe klient\u00ebt individual\u00eb, komb\u00ebtare dhe nd\u00ebrkomb\u00ebtare, duke ofruar k\u00ebshilla t\u00eb plota ligjore n\u00eb fush\u00ebn e s\u00eb drejt\u00ebs civile dhe tregtare.\" \/>\n<meta property=\"og:url\" content=\"https:\/\/legus.al\/it\/\" \/>\n<meta property=\"og:site_name\" content=\"Legus\" \/>\n<meta property=\"article:publisher\" content=\"https:\/\/www.facebook.com\/leguslaw\" \/>\n<meta property=\"article:modified_time\" content=\"2020-06-16T08:55:28+00:00\" \/>\n<meta name=\"twitter:label1\" content=\"Est. reading time\" \/>\n\t<meta name=\"twitter:data1\" content=\"15 minutes\" \/>\n<script type=\"application\/ld+json\" class=\"yoast-schema-graph\">{\"@context\":\"https:\/\/schema.org\",\"@graph\":[{\"@type\":\"WebPage\",\"@id\":\"https:\/\/legus.al\/it\/\",\"url\":\"https:\/\/legus.al\/it\/\",\"name\":\"Law Office - Legus\",\"isPartOf\":{\"@id\":\"https:\/\/legus.al\/en\/#website\"},\"datePublished\":\"2016-08-11T07:36:22+00:00\",\"dateModified\":\"2020-06-16T08:55:28+00:00\",\"description\":\"Legus Zyr\u00eb Ligjore, p\u00ebrfaq\u00ebson dhe ndihmon kompanit\u00eb dhe klient\u00ebt individual\u00eb, komb\u00ebtare dhe nd\u00ebrkomb\u00ebtare, duke ofruar k\u00ebshilla t\u00eb plota ligjore n\u00eb fush\u00ebn e s\u00eb drejt\u00ebs civile dhe tregtare.\",\"breadcrumb\":{\"@id\":\"https:\/\/legus.al\/it\/#breadcrumb\"},\"inLanguage\":\"en-US\",\"potentialAction\":[{\"@type\":\"ReadAction\",\"target\":[\"https:\/\/legus.al\/it\/\"]}]},{\"@type\":\"BreadcrumbList\",\"@id\":\"https:\/\/legus.al\/it\/#breadcrumb\",\"itemListElement\":[{\"@type\":\"ListItem\",\"position\":1,\"name\":\"Home\",\"item\":\"https:\/\/legus.al\/it\/\"},{\"@type\":\"ListItem\",\"position\":2,\"name\":\"Studio Legale\"}]},{\"@type\":\"WebSite\",\"@id\":\"https:\/\/legus.al\/en\/#website\",\"url\":\"https:\/\/legus.al\/en\/\",\"name\":\"Legus\",\"description\":\"Zyre Avokatie\",\"publisher\":{\"@id\":\"https:\/\/legus.al\/en\/#organization\"},\"potentialAction\":[{\"@type\":\"SearchAction\",\"target\":{\"@type\":\"EntryPoint\",\"urlTemplate\":\"https:\/\/legus.al\/en\/?s={search_term_string}\"},\"query-input\":{\"@type\":\"PropertyValueSpecification\",\"valueRequired\":true,\"valueName\":\"search_term_string\"}}],\"inLanguage\":\"en-US\"},{\"@type\":\"Organization\",\"@id\":\"https:\/\/legus.al\/en\/#organization\",\"name\":\"Legus Law & Tax\",\"url\":\"https:\/\/legus.al\/en\/\",\"logo\":{\"@type\":\"ImageObject\",\"inLanguage\":\"en-US\",\"@id\":\"https:\/\/legus.al\/en\/#\/schema\/logo\/image\/\",\"url\":\"https:\/\/legus.al\/wp-content\/uploads\/2018\/04\/legus_logo5.png\",\"contentUrl\":\"https:\/\/legus.al\/wp-content\/uploads\/2018\/04\/legus_logo5.png\",\"width\":313,\"height\":103,\"caption\":\"Legus Law & Tax\"},\"image\":{\"@id\":\"https:\/\/legus.al\/en\/#\/schema\/logo\/image\/\"},\"sameAs\":[\"https:\/\/www.facebook.com\/leguslaw\",\"https:\/\/www.linkedin.com\/company\/legus\/\",\"https:\/\/www.instagram.com\/legus_law\/\"]}]}<\/script>\n<!-- \/ Yoast SEO plugin. -->","yoast_head_json":{"title":"Law Office - Legus","description":"Legus Zyr\u00eb Ligjore, p\u00ebrfaq\u00ebson dhe ndihmon kompanit\u00eb dhe klient\u00ebt individual\u00eb, komb\u00ebtare dhe nd\u00ebrkomb\u00ebtare, duke ofruar k\u00ebshilla t\u00eb plota ligjore n\u00eb fush\u00ebn e s\u00eb drejt\u00ebs civile dhe tregtare.","robots":{"index":"index","follow":"follow","max-snippet":"max-snippet:-1","max-image-preview":"max-image-preview:large","max-video-preview":"max-video-preview:-1"},"canonical":"https:\/\/legus.al\/it\/","og_locale":"en_US","og_type":"article","og_title":"Law Office - Legus","og_description":"Legus Zyr\u00eb Ligjore, p\u00ebrfaq\u00ebson dhe ndihmon kompanit\u00eb dhe klient\u00ebt individual\u00eb, komb\u00ebtare dhe nd\u00ebrkomb\u00ebtare, duke ofruar k\u00ebshilla t\u00eb plota ligjore n\u00eb fush\u00ebn e s\u00eb drejt\u00ebs civile dhe tregtare.","og_url":"https:\/\/legus.al\/it\/","og_site_name":"Legus","article_publisher":"https:\/\/www.facebook.com\/leguslaw","article_modified_time":"2020-06-16T08:55:28+00:00","twitter_misc":{"Est. reading time":"15 minutes"},"schema":{"@context":"https:\/\/schema.org","@graph":[{"@type":"WebPage","@id":"https:\/\/legus.al\/it\/","url":"https:\/\/legus.al\/it\/","name":"Law Office - Legus","isPartOf":{"@id":"https:\/\/legus.al\/en\/#website"},"datePublished":"2016-08-11T07:36:22+00:00","dateModified":"2020-06-16T08:55:28+00:00","description":"Legus Zyr\u00eb Ligjore, p\u00ebrfaq\u00ebson dhe ndihmon kompanit\u00eb dhe klient\u00ebt individual\u00eb, komb\u00ebtare dhe nd\u00ebrkomb\u00ebtare, duke ofruar k\u00ebshilla t\u00eb plota ligjore n\u00eb fush\u00ebn e s\u00eb drejt\u00ebs civile dhe tregtare.","breadcrumb":{"@id":"https:\/\/legus.al\/it\/#breadcrumb"},"inLanguage":"en-US","potentialAction":[{"@type":"ReadAction","target":["https:\/\/legus.al\/it\/"]}]},{"@type":"BreadcrumbList","@id":"https:\/\/legus.al\/it\/#breadcrumb","itemListElement":[{"@type":"ListItem","position":1,"name":"Home","item":"https:\/\/legus.al\/it\/"},{"@type":"ListItem","position":2,"name":"Studio Legale"}]},{"@type":"WebSite","@id":"https:\/\/legus.al\/en\/#website","url":"https:\/\/legus.al\/en\/","name":"Legus","description":"Zyre Avokatie","publisher":{"@id":"https:\/\/legus.al\/en\/#organization"},"potentialAction":[{"@type":"SearchAction","target":{"@type":"EntryPoint","urlTemplate":"https:\/\/legus.al\/en\/?s={search_term_string}"},"query-input":{"@type":"PropertyValueSpecification","valueRequired":true,"valueName":"search_term_string"}}],"inLanguage":"en-US"},{"@type":"Organization","@id":"https:\/\/legus.al\/en\/#organization","name":"Legus Law & Tax","url":"https:\/\/legus.al\/en\/","logo":{"@type":"ImageObject","inLanguage":"en-US","@id":"https:\/\/legus.al\/en\/#\/schema\/logo\/image\/","url":"https:\/\/legus.al\/wp-content\/uploads\/2018\/04\/legus_logo5.png","contentUrl":"https:\/\/legus.al\/wp-content\/uploads\/2018\/04\/legus_logo5.png","width":313,"height":103,"caption":"Legus Law & Tax"},"image":{"@id":"https:\/\/legus.al\/en\/#\/schema\/logo\/image\/"},"sameAs":["https:\/\/www.facebook.com\/leguslaw","https:\/\/www.linkedin.com\/company\/legus\/","https:\/\/www.instagram.com\/legus_law\/"]}]}},"_links":{"self":[{"href":"https:\/\/legus.al\/en\/wp-json\/wp\/v2\/pages\/143","targetHints":{"allow":["GET"]}}],"collection":[{"href":"https:\/\/legus.al\/en\/wp-json\/wp\/v2\/pages"}],"about":[{"href":"https:\/\/legus.al\/en\/wp-json\/wp\/v2\/types\/page"}],"author":[{"embeddable":true,"href":"https:\/\/legus.al\/en\/wp-json\/wp\/v2\/users\/1"}],"replies":[{"embeddable":true,"href":"https:\/\/legus.al\/en\/wp-json\/wp\/v2\/comments?post=143"}],"version-history":[{"count":4,"href":"https:\/\/legus.al\/en\/wp-json\/wp\/v2\/pages\/143\/revisions"}],"predecessor-version":[{"id":492,"href":"https:\/\/legus.al\/en\/wp-json\/wp\/v2\/pages\/143\/revisions\/492"}],"wp:attachment":[{"href":"https:\/\/legus.al\/en\/wp-json\/wp\/v2\/media?parent=143"}],"curies":[{"name":"wp","href":"https:\/\/api.w.org\/{rel}","templated":true}]}}