{"id":143,"date":"2016-08-11T07:36:22","date_gmt":"2016-08-11T07:36:22","guid":{"rendered":"http:\/\/sw-themes.com\/porto_dummy\/?page_id=143"},"modified":"2020-06-16T09:55:28","modified_gmt":"2020-06-16T08:55:28","slug":"zyre-ligjore","status":"publish","type":"page","link":"https:\/\/legus.al\/it\/","title":{"rendered":"Studio Legale"},"content":{"rendered":"<p>[vc_row wrap_container=&#8221;yes&#8221; is_section=&#8221;yes&#8221; remove_margin_top=&#8221;yes&#8221; remove_border=&#8221;yes&#8221;][vc_column width=&#8221;7\/12&#8243;][vc_custom_heading text=&#8221;Chi Siamo&#8221; use_theme_fonts=&#8221;yes&#8221; el_class=&#8221;m-t-lg m-b-none&#8221;][vc_separator color=&#8221;custom&#8221; align=&#8221;align_left&#8221; border_width=&#8221;3&#8243; type=&#8221;small&#8221; accent_color=&#8221;#cfa968&#8243;][vc_column_text el_class=&#8221;m-t-lg&#8221;]Lo Studio Legale Legus, rappresenta ed assiste societ\u00e0 e clienti individuali, nazionali ed internazionali, fornendo una consulenza legale completa nell\u2019ambito del diritto civile e commerciale.<br \/>\nI team di lavoro dello Studio cercano sempre di combinare specializzazioni ed esperienze diverse, al fine di assicurare al cliente un\u2019assistenza completa e coerente.<\/p>\n<p><a href=\"https:\/\/legus.al\/about-us\/\">Leggi di Piu <i class=\"fa fa-long-arrow-right\"><\/i><\/a>[\/vc_column_text][\/vc_column][vc_column width=&#8221;1\/12&#8243;][\/vc_column][vc_column width=&#8221;4\/12&#8243;][vc_custom_heading text=&#8221;La Nostra Dedizione&#8221; font_container=&#8221;tag:h4|text_align:left&#8221; use_theme_fonts=&#8221;yes&#8221; el_class=&#8221;m-t-lg m-b-none&#8221;][vc_separator color=&#8221;custom&#8221; align=&#8221;align_left&#8221; border_width=&#8221;3&#8243; type=&#8221;small&#8221; accent_color=&#8221;#cfa968&#8243;][vc_column_text el_class=&#8221;m-t-lg&#8221;]Impegnati a risolvere i problemi in modo stragiudiziale attraverso la mediazione dell\u2019esperienza e della professionalit\u00e0 dell\u2019avvocato. Il principio dell\u2019ufficio \u00e8 focalizzato sulla fornitura di assistenza legale con onest\u00e0, dedizione, professionalit\u00e0 ai pi\u00f9 alti standard e trasparenza.[\/vc_column_text][\/vc_column][\/vc_row][vc_row wrap_container=&#8221;yes&#8221;][vc_column][vc_custom_heading text=&#8221;Aree di Pratiche&#8221; font_container=&#8221;tag:h2|text_align:center&#8221; use_theme_fonts=&#8221;yes&#8221; el_class=&#8221;m-b-none m-t-lg&#8221;][vc_separator color=&#8221;custom&#8221; border_width=&#8221;3&#8243; type=&#8221;small&#8221; accent_color=&#8221;#cfa968&#8243; el_class=&#8221;m-b-lg&#8221;][vc_row_inner animation_type=&#8221;fadeInUp&#8221;][vc_column_inner width=&#8221;1\/3&#8243;]<div class=\"porto-sicon-wrapper style_1\"><div class=\"porto-sicon-box left-icon\" style=\"\"  ><div class=\"porto-sicon-left\"><div id=\"porto-icon-25924903669f2124308f41\" class=\"porto-just-icon-wrapper  \"><div class=\"align-icon\" style=\"text-align:center;\">\n<div class=\"porto-sicon-img \" style=\"font-size:55px;display:inline-block;\" >\n\t<img decoding=\"async\" class=\"img-icon\" alt=\"\" src=\"https:\/\/legus.al\/wp-content\/uploads\/2016\/08\/capital-law.png\"\/>\n<\/div><\/div><\/div><\/div><div class=\"porto-sicon-body\"><div class=\"porto-sicon-header\" ><h3 class=\"porto-sicon-title\" style=\"\">Diritto commerciale<\/h3><\/div> <!-- header --><div class=\"porto-sicon-description\" style=\"\">Lo Studio ha consolidato esperienza e competenza nella consulenza ed assistenza alle imprese ed alle societ\u00e0 capitali.<a class=\"porto-sicon-read xx\" href=\"https:\/\/legus.al\/practice-areas\/\"   >Leggi di Piu&nbsp;&raquo;<\/a><\/div> <!-- description --><\/div><\/div> <!-- porto-sicon-box --><\/div>[\/vc_column_inner][vc_column_inner width=&#8221;1\/3&#8243;]<div class=\"porto-sicon-wrapper style_1\"><div class=\"porto-sicon-box left-icon\" style=\"\"  ><div class=\"porto-sicon-left\"><div id=\"porto-icon-104560144769f2124309023\" class=\"porto-just-icon-wrapper  \"><div class=\"align-icon\" style=\"text-align:center;\">\n<div class=\"porto-sicon-img \" style=\"font-size:55px;display:inline-block;\" >\n\t<img decoding=\"async\" class=\"img-icon\" alt=\"\" src=\"https:\/\/legus.al\/wp-content\/uploads\/2016\/08\/health-law.png\"\/>\n<\/div><\/div><\/div><\/div><div class=\"porto-sicon-body\"><div class=\"porto-sicon-header\" ><h3 class=\"porto-sicon-title\" style=\"\">Diritto del Lavoro<\/h3><\/div> <!-- header --><div class=\"porto-sicon-description\" style=\"\">Lo Studio fornisce consulenza legale di diritto del lavoro ponendosi a supporto di una clientela ampia e variegata..<a class=\"porto-sicon-read xx\" href=\"https:\/\/legus.al\/practice-areas\/\"   >Leggi di Piu&nbsp;&raquo;<\/a><\/div> <!-- description --><\/div><\/div> <!-- porto-sicon-box --><\/div>[\/vc_column_inner][vc_column_inner width=&#8221;1\/3&#8243;]<div class=\"porto-sicon-wrapper style_1\"><div class=\"porto-sicon-box left-icon\" style=\"\"  ><div class=\"porto-sicon-left\"><div id=\"porto-icon-104217869569f21243090d5\" class=\"porto-just-icon-wrapper  \"><div class=\"align-icon\" style=\"text-align:center;\">\n<div class=\"porto-sicon-img \" style=\"font-size:55px;display:inline-block;\" >\n\t<img decoding=\"async\" class=\"img-icon\" alt=\"\" src=\"https:\/\/legus.al\/wp-content\/uploads\/2016\/08\/criminal-law.png\"\/>\n<\/div><\/div><\/div><\/div><div class=\"porto-sicon-body\"><div class=\"porto-sicon-header\" ><h3 class=\"porto-sicon-title\" style=\"\">Recupero Crediti<\/h3><\/div> <!-- header --><div class=\"porto-sicon-description\" style=\"\">Esperienza, discrezione, professionalit\u00e0 e un sistema di qualit\u00e0 certificato vengono forniti dallo studio per garantire..<a class=\"porto-sicon-read xx\" href=\"https:\/\/legus.al\/practice-areas\/\"   >Leggi di Piu&nbsp;&raquo;<\/a><\/div> <!-- description --><\/div><\/div> <!-- porto-sicon-box --><\/div>[\/vc_column_inner][\/vc_row_inner][vc_row_inner el_class=&#8221;m-b-xl&#8221; animation_type=&#8221;fadeInUp&#8221;][vc_column_inner width=&#8221;1\/3&#8243;]<div class=\"porto-sicon-wrapper style_1\"><div class=\"porto-sicon-box left-icon\" style=\"\"  ><div class=\"porto-sicon-left\"><div id=\"porto-icon-197081276969f212430918e\" class=\"porto-just-icon-wrapper  \"><div class=\"align-icon\" style=\"text-align:center;\">\n<div class=\"porto-sicon-img \" style=\"font-size:55px;display:inline-block;\" >\n\t<img decoding=\"async\" class=\"img-icon\" alt=\"\" src=\"https:\/\/legus.al\/wp-content\/uploads\/2016\/08\/divorce-law.png\"\/>\n<\/div><\/div><\/div><\/div><div class=\"porto-sicon-body\"><div class=\"porto-sicon-header\" ><h3 class=\"porto-sicon-title\" style=\"\">Diritto di Famiglia<\/h3><\/div> <!-- header --><div class=\"porto-sicon-description\" style=\"\">Lo studio si avvale della collaborazione di esperti del settore con competenze specifiche in separazioni, contratti di..<a class=\"porto-sicon-read xx\" href=\"https:\/\/legus.al\/practice-areas\/\"   >Leggi di Piu&nbsp;&raquo;<\/a><\/div> <!-- description --><\/div><\/div> <!-- porto-sicon-box --><\/div>[\/vc_column_inner][vc_column_inner width=&#8221;1\/3&#8243;]<div class=\"porto-sicon-wrapper style_1\"><div class=\"porto-sicon-box left-icon\" style=\"\"  ><div class=\"porto-sicon-left\"><div id=\"porto-icon-17763941169f2124309232\" class=\"porto-just-icon-wrapper  \"><div class=\"align-icon\" style=\"text-align:center;\">\n<div class=\"porto-sicon-img \" style=\"font-size:55px;display:inline-block;\" >\n\t<img decoding=\"async\" class=\"img-icon\" alt=\"\" src=\"https:\/\/legus.al\/wp-content\/uploads\/2016\/08\/business-law.png\"\/>\n<\/div><\/div><\/div><\/div><div class=\"porto-sicon-body\"><div class=\"porto-sicon-header\" ><h3 class=\"porto-sicon-title\" style=\"\">Energia<\/h3><\/div> <!-- header --><div class=\"porto-sicon-description\" style=\"\">Studio Ligjore LEGUS ha sviluppato un\u2019ampia conoscenza del settore minerario e del settore energetico..<a class=\"porto-sicon-read xx\" href=\"https:\/\/legus.al\/practice-areas\/\"   >Leggi di Piu&nbsp;&raquo;<\/a><\/div> <!-- description --><\/div><\/div> <!-- porto-sicon-box --><\/div>[\/vc_column_inner][vc_column_inner width=&#8221;1\/3&#8243;]<div class=\"porto-sicon-wrapper style_1\"><div class=\"porto-sicon-box left-icon\" style=\"\"  ><div class=\"porto-sicon-left\"><div id=\"porto-icon-141245230069f21243092cc\" class=\"porto-just-icon-wrapper  \"><div class=\"align-icon\" style=\"text-align:center;\">\n<div class=\"porto-sicon-img \" style=\"font-size:55px;display:inline-block;\" >\n\t<img decoding=\"async\" class=\"img-icon\" alt=\"\" src=\"https:\/\/legus.al\/wp-content\/uploads\/2016\/08\/accident-law.png\"\/>\n<\/div><\/div><\/div><\/div><div class=\"porto-sicon-body\"><div class=\"porto-sicon-header\" ><h3 class=\"porto-sicon-title\" style=\"\">Altre<\/h3><\/div> <!-- header --><div class=\"porto-sicon-description\" style=\"\">Risarcimento Danni, Diritto Bancario, Concessioni, Propriet\u00e0 Intellettuale, Marchi e Brevetti.<a class=\"porto-sicon-read xx\" href=\"https:\/\/legus.al\/practice-areas\/\"   >Leggi di Piu&nbsp;&raquo;<\/a><\/div> <!-- description --><\/div><\/div> <!-- porto-sicon-box --><\/div>[\/vc_column_inner][\/vc_row_inner][\/vc_column][\/vc_row][vc_row disable_element=&#8221;yes&#8221; wrap_container=&#8221;yes&#8221; is_section=&#8221;yes&#8221; section_skin=&#8221;parallax&#8221; remove_margin_top=&#8221;yes&#8221; remove_margin_bottom=&#8221;yes&#8221; remove_padding_bottom=&#8221;yes&#8221; remove_border=&#8221;yes&#8221;][vc_column][vc_custom_heading text=&#8221;Attorneys&#8221; font_container=&#8221;tag:h2|text_align:center&#8221; use_theme_fonts=&#8221;yes&#8221; el_class=&#8221;m-b-none m-t-sm&#8221;][vc_separator color=&#8221;custom&#8221; border_width=&#8221;3&#8243; type=&#8221;small&#8221; accent_color=&#8221;#cfa968&#8243; el_class=&#8221;m-b-lg&#8221;][\/vc_column][\/vc_row][vc_row parallax=&#8221;content-moving&#8221; parallax_image=&#8221;18&#8243; parallax_speed_bg=&#8221;1.8&#8243; wrap_container=&#8221;yes&#8221; is_section=&#8221;yes&#8221; section_skin=&#8221;parallax&#8221; remove_margin_top=&#8221;yes&#8221; remove_margin_bottom=&#8221;yes&#8221; remove_border=&#8221;yes&#8221;][vc_column width=&#8221;1\/3&#8243; el_class=&#8221;m-t-md m<br \/>\n-b-md&#8221;]<div class=\"stats-block stats-top  m-b-none \"><div class=\"porto-sicon-top\"><div id=\"porto-icon-123056424369f21243094bb\" class=\"porto-just-icon-wrapper  \"><div class=\"align-icon\" style=\"text-align:center;\"><\/div><\/div><\/div><div class=\"stats-desc\"><div id=\"counter_128658702869f21243094c8\" data-id=\"counter_128658702869f21243094c8\" class=\"stats-number\" style=\"font-size:50px; color:#ffffff; color:#ffffff;\" data-speed=\"3\" data-counter-value=\"100\" data-separator=\"none\" data-decimal=\"none\">0<\/div><div class=\"counter_suffix mycust\" style=\"font-size:50px; color:#ffffff\">+<\/div><div class=\"stats-text\" style=\"font-size:20px; color:#ffffff; \">Clienti<\/div><\/div><\/div>[\/vc_column][vc_column width=&#8221;1\/3&#8243; el_class=&#8221;m-t-md m-b-md&#8221;]<div class=\"stats-block stats-top  m-b-none \"><div class=\"porto-sicon-top\"><div id=\"porto-icon-184632018969f2124309552\" class=\"porto-just-icon-wrapper  \"><div class=\"align-icon\" style=\"text-align:center;\"><\/div><\/div><\/div><div class=\"stats-desc\"><div id=\"counter_47863615269f212430955d\" data-id=\"counter_47863615269f212430955d\" class=\"stats-number\" style=\"font-size:50px; color:#ffffff; color:#ffffff;\" data-speed=\"3\" data-counter-value=\"200\" data-separator=\"none\" data-decimal=\"none\">0<\/div><div class=\"counter_suffix mycust\" style=\"font-size:50px; color:#ffffff\">+<\/div><div class=\"stats-text\" style=\"font-size:20px; color:#ffffff; \">Casi<\/div><\/div><\/div>[\/vc_column][vc_column width=&#8221;1\/3&#8243; el_class=&#8221;m-t-md m-b-md&#8221;]<div class=\"stats-block stats-top  m-b-none \"><div class=\"porto-sicon-top\"><div id=\"porto-icon-26503169569f21243095d1\" class=\"porto-just-icon-wrapper  \"><div class=\"align-icon\" style=\"text-align:center;\"><\/div><\/div><\/div><div class=\"stats-desc\"><div id=\"counter_62140010269f21243095dd\" data-id=\"counter_62140010269f21243095dd\" class=\"stats-number\" style=\"font-size:50px; color:#ffffff; color:#ffffff;\" data-speed=\"3\" data-counter-value=\"15\" data-separator=\"none\" data-decimal=\"none\">0<\/div><div class=\"stats-text\" style=\"font-size:20px; color:#ffffff; \">Anni di Esperienza<\/div><\/div><\/div>[\/vc_column][\/vc_row][vc_row wrap_container=&#8221;yes&#8221; is_section=&#8221;yes&#8221; section_skin=&#8221;parallax&#8221; remove_margin_top=&#8221;yes&#8221; remove_margin_bottom=&#8221;yes&#8221; remove_padding_bottom=&#8221;yes&#8221; remove_border=&#8221;yes&#8221;][vc_column][vc_custom_heading text=&#8221;Notizie&#8221; font_container=&#8221;tag:h2|text_align:center&#8221; use_theme_fonts=&#8221;yes&#8221; el_class=&#8221;m-b-none m-t-sm&#8221;][vc_separator color=&#8221;custom&#8221; border_width=&#8221;3&#8243; type=&#8221;small&#8221; accent_color=&#8221;#cfa968&#8243; el_class=&#8221;m-b-lg&#8221;]<div class=\"porto-recent-posts wpb_content_element \">    <div class=\"row\">\r\n        <div class=\"post-carousel porto-carousel owl-carousel\" data-plugin-options=\"{&quot;themeConfig&quot;:true,&quot;lg&quot;:2,&quot;md&quot;:1,&quot;sm&quot;:1}\">\r\n            <div class=\"post-slide\"><div class=\"post-item style-4 post-title-simple\"> <span class=\"thumb-info thumb-info-side-image thumb-info-no-zoom\">\n    <span class=\"thumb-info-caption\"> <span class=\"thumb-info-caption-text\"> <a class=\"post-title\" href=\"https:\/\/legus.al\/it\/abolizione-della-tassa-di-guadagno-e-del-iva\/\">\n  <h2 class=\"m-b-sm m-t-xs\">\n    L&#8217;Albania abolisce l&#8217;imposta sul reddito e l&#8217;IVA per le medie imprese  <\/h2>\n  <\/a>\n  <div class=\"post-meta m-b-sm\">\n             3 August 2020             |     <a href=\"https:\/\/legus.al\/it\/author\/legus\/\" title=\"Articoli scritti da Legus\" rel=\"author\">Legus<\/a>             |     <a href=\"https:\/\/legus.al\/it\/category\/news\/\" rel=\"category tag\">Notizie<\/a>                  <\/div>\n  <p class=\"post-excerpt\">Il governo del Albania ha pubblicato la decisione dei aiuti fiscali per le piccole\/medie imprese. L&#8217;aiuto consiste nell&#8217;abolizione della...  <a class=\"read-more read-more-block\" href=\"https:\/\/legus.al\/it\/abolizione-della-tassa-di-guadagno-e-del-iva\/\">Leggi di pi\u00f9 <i class=\"fa fa-long-arrow-right\"><\/i><\/a><\/p> <\/span> <\/span> <\/span> <\/div>\n<\/div><div class=\"post-slide\"><div class=\"post-item style-4 post-title-simple\"> <span class=\"thumb-info thumb-info-side-image thumb-info-no-zoom\">\n    <span class=\"thumb-info-caption\"> <span class=\"thumb-info-caption-text\"> <a class=\"post-title\" href=\"https:\/\/legus.al\/it\/non-ce-tassa-sul-reddito-delle-societa-albanese-per-i-profitti-in-societa-italiane\/\">\n  <h2 class=\"m-b-sm m-t-xs\">\n    Non ce tassa sul reddito delle societ\u00e0 Albanese per i profitti in societ\u00e0 Italiane  <\/h2>\n  <\/a>\n  <div class=\"post-meta m-b-sm\">\n            10 April 2020             |     <a href=\"https:\/\/legus.al\/it\/author\/legus\/\" title=\"Articoli scritti da Legus\" rel=\"author\">Legus<\/a>             |     <a href=\"https:\/\/legus.al\/it\/category\/news\/\" rel=\"category tag\">Notizie<\/a>                  <\/div>\n  <p class=\"post-excerpt\">\nLe societ\u00e0 di diritto Albanese in Albania non pagano tassa sul reddito per i profitti che sono derivati dalle...  <a class=\"read-more read-more-block\" href=\"https:\/\/legus.al\/it\/non-ce-tassa-sul-reddito-delle-societa-albanese-per-i-profitti-in-societa-italiane\/\">Leggi di pi\u00f9 <i class=\"fa fa-long-arrow-right\"><\/i><\/a><\/p> <\/span> <\/span> <\/span> <\/div>\n<\/div>        <\/div>\r\n    <\/div>\r\n    <\/div>[vc_empty_space height=&#8221;15&#8243;][\/vc_column][\/vc_row]<\/p>","protected":false},"excerpt":{"rendered":"<p>[vc_row wrap_container=&#8221;yes&#8221; is_section=&#8221;yes&#8221; remove_margin_top=&#8221;yes&#8221; remove_border=&#8221;yes&#8221;][vc_column width=&#8221;7\/12&#8243;][vc_custom_heading text=&#8221;Chi Siamo&#8221; use_theme_fonts=&#8221;yes&#8221; el_class=&#8221;m-t-lg m-b-none&#8221;][vc_separator color=&#8221;custom&#8221; align=&#8221;align_left&#8221; border_width=&#8221;3&#8243; type=&#8221;small&#8221; accent_color=&#8221;#cfa968&#8243;][vc_column_text el_class=&#8221;m-t-lg&#8221;]Lo Studio Legale Legus, rappresenta ed assiste societ\u00e0 e clienti individuali, nazionali ed internazionali, fornendo una consulenza legale completa nell\u2019ambito del diritto civile e commerciale. I team di lavoro dello Studio cercano sempre di combinare specializzazioni ed esperienze diverse, [&hellip;]<\/p>\n","protected":false},"author":1,"featured_media":0,"parent":0,"menu_order":0,"comment_status":"closed","ping_status":"closed","template":"","meta":{"footnotes":""},"class_list":["post-143","page","type-page","status-publish","hentry"],"yoast_head":"<!-- This site is optimized with the Yoast SEO plugin v24.7 - https:\/\/yoast.com\/wordpress\/plugins\/seo\/ -->\n<title>Studio Legale - Legus<\/title>\n<meta name=\"description\" content=\"Legus Zyr\u00eb Ligjore, p\u00ebrfaq\u00ebson dhe ndihmon kompanit\u00eb dhe klient\u00ebt individual\u00eb, komb\u00ebtare dhe nd\u00ebrkomb\u00ebtare, duke ofruar k\u00ebshilla t\u00eb plota ligjore n\u00eb fush\u00ebn e s\u00eb drejt\u00ebs civile dhe tregtare.\" \/>\n<meta name=\"robots\" content=\"index, follow, max-snippet:-1, max-image-preview:large, max-video-preview:-1\" \/>\n<link rel=\"canonical\" href=\"https:\/\/legus.al\/it\/\" \/>\n<meta property=\"og:locale\" content=\"it_IT\" \/>\n<meta property=\"og:type\" content=\"article\" \/>\n<meta property=\"og:title\" content=\"Studio Legale - Legus\" \/>\n<meta property=\"og:description\" content=\"Legus Zyr\u00eb Ligjore, p\u00ebrfaq\u00ebson dhe ndihmon kompanit\u00eb dhe klient\u00ebt individual\u00eb, komb\u00ebtare dhe nd\u00ebrkomb\u00ebtare, duke ofruar k\u00ebshilla t\u00eb plota ligjore n\u00eb fush\u00ebn e s\u00eb drejt\u00ebs civile dhe tregtare.\" \/>\n<meta property=\"og:url\" content=\"https:\/\/legus.al\/it\/\" \/>\n<meta property=\"og:site_name\" content=\"Legus\" \/>\n<meta property=\"article:publisher\" content=\"https:\/\/www.facebook.com\/leguslaw\" \/>\n<meta property=\"article:modified_time\" content=\"2020-06-16T08:55:28+00:00\" \/>\n<meta name=\"twitter:label1\" content=\"Tempo di lettura stimato\" \/>\n\t<meta name=\"twitter:data1\" content=\"15 minuti\" \/>\n<script type=\"application\/ld+json\" class=\"yoast-schema-graph\">{\"@context\":\"https:\/\/schema.org\",\"@graph\":[{\"@type\":\"WebPage\",\"@id\":\"https:\/\/legus.al\/it\/\",\"url\":\"https:\/\/legus.al\/it\/\",\"name\":\"Studio Legale - Legus\",\"isPartOf\":{\"@id\":\"https:\/\/legus.al\/en\/#website\"},\"datePublished\":\"2016-08-11T07:36:22+00:00\",\"dateModified\":\"2020-06-16T08:55:28+00:00\",\"description\":\"Legus Zyr\u00eb Ligjore, p\u00ebrfaq\u00ebson dhe ndihmon kompanit\u00eb dhe klient\u00ebt individual\u00eb, komb\u00ebtare dhe nd\u00ebrkomb\u00ebtare, duke ofruar k\u00ebshilla t\u00eb plota ligjore n\u00eb fush\u00ebn e s\u00eb drejt\u00ebs civile dhe tregtare.\",\"breadcrumb\":{\"@id\":\"https:\/\/legus.al\/it\/#breadcrumb\"},\"inLanguage\":\"it-IT\",\"potentialAction\":[{\"@type\":\"ReadAction\",\"target\":[\"https:\/\/legus.al\/it\/\"]}]},{\"@type\":\"BreadcrumbList\",\"@id\":\"https:\/\/legus.al\/it\/#breadcrumb\",\"itemListElement\":[{\"@type\":\"ListItem\",\"position\":1,\"name\":\"Home\",\"item\":\"https:\/\/legus.al\/it\/\"},{\"@type\":\"ListItem\",\"position\":2,\"name\":\"Studio Legale\"}]},{\"@type\":\"WebSite\",\"@id\":\"https:\/\/legus.al\/en\/#website\",\"url\":\"https:\/\/legus.al\/en\/\",\"name\":\"Legus\",\"description\":\"Zyre Avokatie\",\"publisher\":{\"@id\":\"https:\/\/legus.al\/en\/#organization\"},\"potentialAction\":[{\"@type\":\"SearchAction\",\"target\":{\"@type\":\"EntryPoint\",\"urlTemplate\":\"https:\/\/legus.al\/en\/?s={search_term_string}\"},\"query-input\":{\"@type\":\"PropertyValueSpecification\",\"valueRequired\":true,\"valueName\":\"search_term_string\"}}],\"inLanguage\":\"it-IT\"},{\"@type\":\"Organization\",\"@id\":\"https:\/\/legus.al\/en\/#organization\",\"name\":\"Legus Law & Tax\",\"url\":\"https:\/\/legus.al\/en\/\",\"logo\":{\"@type\":\"ImageObject\",\"inLanguage\":\"it-IT\",\"@id\":\"https:\/\/legus.al\/en\/#\/schema\/logo\/image\/\",\"url\":\"https:\/\/legus.al\/wp-content\/uploads\/2018\/04\/legus_logo5.png\",\"contentUrl\":\"https:\/\/legus.al\/wp-content\/uploads\/2018\/04\/legus_logo5.png\",\"width\":313,\"height\":103,\"caption\":\"Legus Law & Tax\"},\"image\":{\"@id\":\"https:\/\/legus.al\/en\/#\/schema\/logo\/image\/\"},\"sameAs\":[\"https:\/\/www.facebook.com\/leguslaw\",\"https:\/\/www.linkedin.com\/company\/legus\/\",\"https:\/\/www.instagram.com\/legus_law\/\"]}]}<\/script>\n<!-- \/ Yoast SEO plugin. -->","yoast_head_json":{"title":"Studio Legale - Legus","description":"Legus Zyr\u00eb Ligjore, p\u00ebrfaq\u00ebson dhe ndihmon kompanit\u00eb dhe klient\u00ebt individual\u00eb, komb\u00ebtare dhe nd\u00ebrkomb\u00ebtare, duke ofruar k\u00ebshilla t\u00eb plota ligjore n\u00eb fush\u00ebn e s\u00eb drejt\u00ebs civile dhe tregtare.","robots":{"index":"index","follow":"follow","max-snippet":"max-snippet:-1","max-image-preview":"max-image-preview:large","max-video-preview":"max-video-preview:-1"},"canonical":"https:\/\/legus.al\/it\/","og_locale":"it_IT","og_type":"article","og_title":"Studio Legale - Legus","og_description":"Legus Zyr\u00eb Ligjore, p\u00ebrfaq\u00ebson dhe ndihmon kompanit\u00eb dhe klient\u00ebt individual\u00eb, komb\u00ebtare dhe nd\u00ebrkomb\u00ebtare, duke ofruar k\u00ebshilla t\u00eb plota ligjore n\u00eb fush\u00ebn e s\u00eb drejt\u00ebs civile dhe tregtare.","og_url":"https:\/\/legus.al\/it\/","og_site_name":"Legus","article_publisher":"https:\/\/www.facebook.com\/leguslaw","article_modified_time":"2020-06-16T08:55:28+00:00","twitter_misc":{"Tempo di lettura stimato":"15 minuti"},"schema":{"@context":"https:\/\/schema.org","@graph":[{"@type":"WebPage","@id":"https:\/\/legus.al\/it\/","url":"https:\/\/legus.al\/it\/","name":"Studio Legale - Legus","isPartOf":{"@id":"https:\/\/legus.al\/en\/#website"},"datePublished":"2016-08-11T07:36:22+00:00","dateModified":"2020-06-16T08:55:28+00:00","description":"Legus Zyr\u00eb Ligjore, p\u00ebrfaq\u00ebson dhe ndihmon kompanit\u00eb dhe klient\u00ebt individual\u00eb, komb\u00ebtare dhe nd\u00ebrkomb\u00ebtare, duke ofruar k\u00ebshilla t\u00eb plota ligjore n\u00eb fush\u00ebn e s\u00eb drejt\u00ebs civile dhe tregtare.","breadcrumb":{"@id":"https:\/\/legus.al\/it\/#breadcrumb"},"inLanguage":"it-IT","potentialAction":[{"@type":"ReadAction","target":["https:\/\/legus.al\/it\/"]}]},{"@type":"BreadcrumbList","@id":"https:\/\/legus.al\/it\/#breadcrumb","itemListElement":[{"@type":"ListItem","position":1,"name":"Home","item":"https:\/\/legus.al\/it\/"},{"@type":"ListItem","position":2,"name":"Studio Legale"}]},{"@type":"WebSite","@id":"https:\/\/legus.al\/en\/#website","url":"https:\/\/legus.al\/en\/","name":"Legus","description":"Zyre Avokatie","publisher":{"@id":"https:\/\/legus.al\/en\/#organization"},"potentialAction":[{"@type":"SearchAction","target":{"@type":"EntryPoint","urlTemplate":"https:\/\/legus.al\/en\/?s={search_term_string}"},"query-input":{"@type":"PropertyValueSpecification","valueRequired":true,"valueName":"search_term_string"}}],"inLanguage":"it-IT"},{"@type":"Organization","@id":"https:\/\/legus.al\/en\/#organization","name":"Legus Law & Tax","url":"https:\/\/legus.al\/en\/","logo":{"@type":"ImageObject","inLanguage":"it-IT","@id":"https:\/\/legus.al\/en\/#\/schema\/logo\/image\/","url":"https:\/\/legus.al\/wp-content\/uploads\/2018\/04\/legus_logo5.png","contentUrl":"https:\/\/legus.al\/wp-content\/uploads\/2018\/04\/legus_logo5.png","width":313,"height":103,"caption":"Legus Law & Tax"},"image":{"@id":"https:\/\/legus.al\/en\/#\/schema\/logo\/image\/"},"sameAs":["https:\/\/www.facebook.com\/leguslaw","https:\/\/www.linkedin.com\/company\/legus\/","https:\/\/www.instagram.com\/legus_law\/"]}]}},"_links":{"self":[{"href":"https:\/\/legus.al\/it\/wp-json\/wp\/v2\/pages\/143","targetHints":{"allow":["GET"]}}],"collection":[{"href":"https:\/\/legus.al\/it\/wp-json\/wp\/v2\/pages"}],"about":[{"href":"https:\/\/legus.al\/it\/wp-json\/wp\/v2\/types\/page"}],"author":[{"embeddable":true,"href":"https:\/\/legus.al\/it\/wp-json\/wp\/v2\/users\/1"}],"replies":[{"embeddable":true,"href":"https:\/\/legus.al\/it\/wp-json\/wp\/v2\/comments?post=143"}],"version-history":[{"count":4,"href":"https:\/\/legus.al\/it\/wp-json\/wp\/v2\/pages\/143\/revisions"}],"predecessor-version":[{"id":492,"href":"https:\/\/legus.al\/it\/wp-json\/wp\/v2\/pages\/143\/revisions\/492"}],"wp:attachment":[{"href":"https:\/\/legus.al\/it\/wp-json\/wp\/v2\/media?parent=143"}],"curies":[{"name":"wp","href":"https:\/\/api.w.org\/{rel}","templated":true}]}}