{"id":39,"date":"2016-08-11T08:55:34","date_gmt":"2016-08-11T08:55:34","guid":{"rendered":"http:\/\/sw-themes.com\/porto_dummy\/?page_id=39"},"modified":"2020-06-16T10:08:51","modified_gmt":"2020-06-16T09:08:51","slug":"about-us","status":"publish","type":"page","link":"https:\/\/legus.al\/it\/about-us\/","title":{"rendered":"Chi Siamo"},"content":{"rendered":"<p>[vc_row][vc_column width=&#8221;7\/12&#8243;][vc_custom_heading text=&#8221;Chi Siamo&#8221; font_container=&#8221;tag:h2|font_size:36|text_align:left&#8221; use_theme_fonts=&#8221;yes&#8221; el_class=&#8221;m-b-md&#8221;][vc_separator color=&#8221;custom&#8221; align=&#8221;align_left&#8221; border_width=&#8221;3&#8243; type=&#8221;small&#8221; accent_color=&#8221;#cfa968&#8243;][vc_column_text el_class=&#8221;lead m-b-lg&#8221;]Lo Studio Legale Legus, rappresenta ed assiste societ\u00e0 e clienti individuali, nazionali ed internazionali, fornendo una consulenza legale completa nell&#8217;ambito del diritto civile e commerciale.[\/vc_column_text][vc_column_text]<img loading=\"lazy\" decoding=\"async\" class=\"alignleft m-b-md\" src=\"https:\/\/sw-themes.com\/porto_dummy\/wp-content\/uploads\/images\/our-office-8.jpg\" width=\"200\" height=\"225\" data-appear-animation=\"fadeInUp\" data-appear-animation-delay=\"0\" \/><\/p>\n<p>I team di lavoro dello Studio cercano sempre di combinare specializzazioni ed esperienze diverse, al fine di assicurare al cliente un\u2019assistenza completa e coerente.<\/p>\n<p>Da Legus il rapporto tra i professionisti dello studio da una parte, e associates dall\u2019altra parte \u00e8 particolarmente elevato, al fine di offrire al cliente team di lavoro con comprovata competenza ed esperienza sia in ambito stragiudiziale che giudiziale, in ogni ramo del diritto.[\/vc_column_text][vc_custom_heading text=&#8221;La Nostra Esperienza&#8221; use_theme_fonts=&#8221;yes&#8221; el_class=&#8221;m-b-md&#8221;][vc_column_text]<strong>&#8211;<\/strong> Il Gruppo Legus affronta le questioni in base del esperienza dello staff, esaminando tutti gli aspetti sia giuridicamente che fiscalmente, quando necessario in consultazione con esperti di altre aree.<\/p>\n<p><strong>&#8211;<\/strong> Lo Studio ha acquisito una approfondita conoscenza del mercato energetico ed in particolare delle energie rinnovabili assistendo tra l\u2019altro le societ\u00e0 del settore idro, assistendo le aziende nell&#8217;ottenere le autorizzazioni fino alla costruzione delle centrali elettriche.<\/p>\n<p><strong>&#8211;<\/strong> Esperto in obblighi bancari, sostenendo il cliente sotto le azioni esecutive e l&#8217;incapacit\u00e0 finanziaria di soddisfare gli obblighi delle istituzioni finanziarie.<\/p>\n<p><strong>&#8211;<\/strong> Il 2008 \u00e8 il momento di riforma delle societ\u00e0 commerciali, inizia la loro registrazione nel NRC (National Commercial Center) e il trasferimento delle competenze dal tribunale del distretto giudiziario di Tirana. Lo staff di Legus \u00e8 stato attivo e parte della crescita di NRC e ha consolidato la tradizione nella risoluzione dei conflitti delle societ\u00e0 commerciale.<\/p>\n<p><strong>&#8211;<\/strong> In sostegno con la nostra esperienza alla risoluzione delle controversie di lavoro.<\/p>\n<p><strong>&#8211;<\/strong> Esperienza acquisita nell&#8217;affrontare il problema dell&#8217;espulsione di cittadini non europei dall&#8217;area di Schengen.[\/vc_column_text][\/vc_column][vc_column width=&#8221;1\/12&#8243;][\/vc_column][vc_column width=&#8221;1\/3&#8243;][vc_custom_heading text=&#8221;La Nostra Dedizione&#8221; font_container=&#8221;tag:h4|text_align:left&#8221; use_theme_fonts=&#8221;yes&#8221;][vc_separator color=&#8221;custom&#8221; align=&#8221;align_left&#8221; border_width=&#8221;3&#8243; type=&#8221;small&#8221; accent_color=&#8221;#cfa968&#8243;][vc_column_text]Impegnati a risolvere i problemi in modo stragiudiziale attraverso la mediazione dell&#8217;esperienza e della professionalit\u00e0 dell&#8217;avvocato. Il principio dell&#8217;ufficio \u00e8 focalizzato sulla fornitura di assistenza legale con onest\u00e0, dedizione, professionalit\u00e0 ai pi\u00f9 alti standard e trasparenza.<\/p>\n<p>L&#8217;ufficio supporta e applica il concetto Paghi se Hai Vinto. Studiando le problematiche in dettaglio e soprattutto a supporto del cliente che si trova in difficolt\u00e0 finanziarie, l&#8217;ufficio applica il servizio Paghi se Hai Vinto, in cui il pagamento per il servizio legale viene eseguito se al cliente vince la causa.<\/p>\n<p>L&#8217;impegno dell&#8217;ufficio si concentra anche sulla fornitura di assistenza legale ai bisognosi, attraverso la cooperazione con organizzazioni non-profit.[\/vc_column_text]<div class=\"porto-blockquote wpb_content_element \"><blockquote class=\"  blockquote-secondary\"><p><em><strong>&#8220;Un avvocato otterr\u00e0 una grande soddisfazione quando lui o lei non \u00e8 semplicemente un artigiano a pagamento ma un contributore al bene pubblico.&#8221;<\/strong><\/em><\/p><footer>Ruth Bader Ginsburg <cite title=\"\"><\/cite><\/footer><\/blockquote><\/div>[vc_column_text]In collaborazione con i sindacati abbiamo fornito assistenza legale al problema diffuso dei rapporti di lavoro, contribuendo a riformare la pratica dei datori di lavoro che tendono a regolare i contratti di lavoro senza rispettare i criteri del Codice del Lavoro e la legislazione nel suo complesso.<\/p>\n<p>Parte del gruppo di lavoro in discussione con il Ministro delle Infrastrutture e dell&#8217;Energia per l&#8217;approvazione dello status del minatore.[\/vc_column_text][\/vc_column][\/vc_row]<\/p>","protected":false},"excerpt":{"rendered":"<p>[vc_row][vc_column width=&#8221;7\/12&#8243;][vc_custom_heading text=&#8221;Chi Siamo&#8221; font_container=&#8221;tag:h2|font_size:36|text_align:left&#8221; use_theme_fonts=&#8221;yes&#8221; el_class=&#8221;m-b-md&#8221;][vc_separator color=&#8221;custom&#8221; align=&#8221;align_left&#8221; border_width=&#8221;3&#8243; type=&#8221;small&#8221; accent_color=&#8221;#cfa968&#8243;][vc_column_text el_class=&#8221;lead m-b-lg&#8221;]Lo Studio Legale Legus, rappresenta ed assiste societ\u00e0 e clienti individuali, nazionali ed internazionali, fornendo una consulenza legale completa nell&#8217;ambito del diritto civile e commerciale.[\/vc_column_text][vc_column_text] I team di lavoro dello Studio cercano sempre di combinare specializzazioni ed esperienze diverse, al fine di [&hellip;]<\/p>\n","protected":false},"author":1,"featured_media":0,"parent":0,"menu_order":0,"comment_status":"closed","ping_status":"closed","template":"","meta":{"footnotes":""},"class_list":["post-39","page","type-page","status-publish","hentry"],"yoast_head":"<!-- This site is optimized with the Yoast SEO plugin v24.7 - https:\/\/yoast.com\/wordpress\/plugins\/seo\/ -->\n<title>Chi Siamo - Legus<\/title>\n<meta name=\"description\" content=\"lawlawyerlaw legal servicesonline attorney servicesthe legallaw siteslegal officelegal advice lawyerslegal advicelegal counselorco legal servicestax paymentbusiness tax accountbook keeping &amp; accountancyaccounting consultantmanagement accountingfinancial accountingcompany accountantaccounting professionalstax accounting firmslargest accounting firmslocal account\" \/>\n<meta name=\"robots\" content=\"index, follow, max-snippet:-1, max-image-preview:large, max-video-preview:-1\" \/>\n<link rel=\"canonical\" href=\"https:\/\/legus.al\/about-us\/\" \/>\n<meta property=\"og:locale\" content=\"it_IT\" \/>\n<meta property=\"og:type\" content=\"article\" \/>\n<meta property=\"og:title\" content=\"Chi Siamo - Legus\" \/>\n<meta property=\"og:description\" content=\"lawlawyerlaw legal servicesonline attorney servicesthe legallaw siteslegal officelegal advice lawyerslegal advicelegal counselorco legal servicestax paymentbusiness tax accountbook keeping &amp; accountancyaccounting consultantmanagement accountingfinancial accountingcompany accountantaccounting professionalstax accounting firmslargest accounting firmslocal account\" \/>\n<meta property=\"og:url\" content=\"https:\/\/legus.al\/about-us\/\" \/>\n<meta property=\"og:site_name\" content=\"Legus\" \/>\n<meta property=\"article:publisher\" content=\"https:\/\/www.facebook.com\/leguslaw\" \/>\n<meta property=\"article:modified_time\" content=\"2020-06-16T09:08:51+00:00\" \/>\n<meta property=\"og:image\" content=\"https:\/\/sw-themes.com\/porto_dummy\/wp-content\/uploads\/images\/our-office-8.jpg\" \/>\n<meta name=\"twitter:label1\" content=\"Tempo di lettura stimato\" \/>\n\t<meta name=\"twitter:data1\" content=\"10 minuti\" \/>\n<script type=\"application\/ld+json\" class=\"yoast-schema-graph\">{\"@context\":\"https:\/\/schema.org\",\"@graph\":[{\"@type\":\"WebPage\",\"@id\":\"https:\/\/legus.al\/about-us\/\",\"url\":\"https:\/\/legus.al\/about-us\/\",\"name\":\"Chi Siamo - Legus\",\"isPartOf\":{\"@id\":\"https:\/\/legus.al\/en\/#website\"},\"primaryImageOfPage\":{\"@id\":\"https:\/\/legus.al\/about-us\/#primaryimage\"},\"image\":{\"@id\":\"https:\/\/legus.al\/about-us\/#primaryimage\"},\"thumbnailUrl\":\"https:\/\/sw-themes.com\/porto_dummy\/wp-content\/uploads\/images\/our-office-8.jpg\",\"datePublished\":\"2016-08-11T08:55:34+00:00\",\"dateModified\":\"2020-06-16T09:08:51+00:00\",\"description\":\"lawlawyerlaw legal servicesonline attorney servicesthe legallaw siteslegal officelegal advice lawyerslegal advicelegal counselorco legal servicestax paymentbusiness tax accountbook keeping & accountancyaccounting consultantmanagement accountingfinancial accountingcompany accountantaccounting professionalstax accounting firmslargest accounting firmslocal account\",\"breadcrumb\":{\"@id\":\"https:\/\/legus.al\/about-us\/#breadcrumb\"},\"inLanguage\":\"it-IT\",\"potentialAction\":[{\"@type\":\"ReadAction\",\"target\":[\"https:\/\/legus.al\/about-us\/\"]}]},{\"@type\":\"ImageObject\",\"inLanguage\":\"it-IT\",\"@id\":\"https:\/\/legus.al\/about-us\/#primaryimage\",\"url\":\"https:\/\/sw-themes.com\/porto_dummy\/wp-content\/uploads\/images\/our-office-8.jpg\",\"contentUrl\":\"https:\/\/sw-themes.com\/porto_dummy\/wp-content\/uploads\/images\/our-office-8.jpg\"},{\"@type\":\"BreadcrumbList\",\"@id\":\"https:\/\/legus.al\/about-us\/#breadcrumb\",\"itemListElement\":[{\"@type\":\"ListItem\",\"position\":1,\"name\":\"Home\",\"item\":\"https:\/\/legus.al\/it\/\"},{\"@type\":\"ListItem\",\"position\":2,\"name\":\"Rreth Nesh\"}]},{\"@type\":\"WebSite\",\"@id\":\"https:\/\/legus.al\/en\/#website\",\"url\":\"https:\/\/legus.al\/en\/\",\"name\":\"Legus\",\"description\":\"Zyre Avokatie\",\"publisher\":{\"@id\":\"https:\/\/legus.al\/en\/#organization\"},\"potentialAction\":[{\"@type\":\"SearchAction\",\"target\":{\"@type\":\"EntryPoint\",\"urlTemplate\":\"https:\/\/legus.al\/en\/?s={search_term_string}\"},\"query-input\":{\"@type\":\"PropertyValueSpecification\",\"valueRequired\":true,\"valueName\":\"search_term_string\"}}],\"inLanguage\":\"it-IT\"},{\"@type\":\"Organization\",\"@id\":\"https:\/\/legus.al\/en\/#organization\",\"name\":\"Legus Law & Tax\",\"url\":\"https:\/\/legus.al\/en\/\",\"logo\":{\"@type\":\"ImageObject\",\"inLanguage\":\"it-IT\",\"@id\":\"https:\/\/legus.al\/en\/#\/schema\/logo\/image\/\",\"url\":\"https:\/\/legus.al\/wp-content\/uploads\/2018\/04\/legus_logo5.png\",\"contentUrl\":\"https:\/\/legus.al\/wp-content\/uploads\/2018\/04\/legus_logo5.png\",\"width\":313,\"height\":103,\"caption\":\"Legus Law & Tax\"},\"image\":{\"@id\":\"https:\/\/legus.al\/en\/#\/schema\/logo\/image\/\"},\"sameAs\":[\"https:\/\/www.facebook.com\/leguslaw\",\"https:\/\/www.linkedin.com\/company\/legus\/\",\"https:\/\/www.instagram.com\/legus_law\/\"]}]}<\/script>\n<!-- \/ Yoast SEO plugin. -->","yoast_head_json":{"title":"Chi Siamo - Legus","description":"lawlawyerlaw legal servicesonline attorney servicesthe legallaw siteslegal officelegal advice lawyerslegal advicelegal counselorco legal servicestax paymentbusiness tax accountbook keeping & accountancyaccounting consultantmanagement accountingfinancial accountingcompany accountantaccounting professionalstax accounting firmslargest accounting firmslocal account","robots":{"index":"index","follow":"follow","max-snippet":"max-snippet:-1","max-image-preview":"max-image-preview:large","max-video-preview":"max-video-preview:-1"},"canonical":"https:\/\/legus.al\/about-us\/","og_locale":"it_IT","og_type":"article","og_title":"Chi Siamo - Legus","og_description":"lawlawyerlaw legal servicesonline attorney servicesthe legallaw siteslegal officelegal advice lawyerslegal advicelegal counselorco legal servicestax paymentbusiness tax accountbook keeping & accountancyaccounting consultantmanagement accountingfinancial accountingcompany accountantaccounting professionalstax accounting firmslargest accounting firmslocal account","og_url":"https:\/\/legus.al\/about-us\/","og_site_name":"Legus","article_publisher":"https:\/\/www.facebook.com\/leguslaw","article_modified_time":"2020-06-16T09:08:51+00:00","og_image":[{"url":"https:\/\/sw-themes.com\/porto_dummy\/wp-content\/uploads\/images\/our-office-8.jpg","type":"","width":"","height":""}],"twitter_misc":{"Tempo di lettura stimato":"10 minuti"},"schema":{"@context":"https:\/\/schema.org","@graph":[{"@type":"WebPage","@id":"https:\/\/legus.al\/about-us\/","url":"https:\/\/legus.al\/about-us\/","name":"Chi Siamo - Legus","isPartOf":{"@id":"https:\/\/legus.al\/en\/#website"},"primaryImageOfPage":{"@id":"https:\/\/legus.al\/about-us\/#primaryimage"},"image":{"@id":"https:\/\/legus.al\/about-us\/#primaryimage"},"thumbnailUrl":"https:\/\/sw-themes.com\/porto_dummy\/wp-content\/uploads\/images\/our-office-8.jpg","datePublished":"2016-08-11T08:55:34+00:00","dateModified":"2020-06-16T09:08:51+00:00","description":"lawlawyerlaw legal servicesonline attorney servicesthe legallaw siteslegal officelegal advice lawyerslegal advicelegal counselorco legal servicestax paymentbusiness tax accountbook keeping & accountancyaccounting consultantmanagement accountingfinancial accountingcompany accountantaccounting professionalstax accounting firmslargest accounting firmslocal account","breadcrumb":{"@id":"https:\/\/legus.al\/about-us\/#breadcrumb"},"inLanguage":"it-IT","potentialAction":[{"@type":"ReadAction","target":["https:\/\/legus.al\/about-us\/"]}]},{"@type":"ImageObject","inLanguage":"it-IT","@id":"https:\/\/legus.al\/about-us\/#primaryimage","url":"https:\/\/sw-themes.com\/porto_dummy\/wp-content\/uploads\/images\/our-office-8.jpg","contentUrl":"https:\/\/sw-themes.com\/porto_dummy\/wp-content\/uploads\/images\/our-office-8.jpg"},{"@type":"BreadcrumbList","@id":"https:\/\/legus.al\/about-us\/#breadcrumb","itemListElement":[{"@type":"ListItem","position":1,"name":"Home","item":"https:\/\/legus.al\/it\/"},{"@type":"ListItem","position":2,"name":"Rreth Nesh"}]},{"@type":"WebSite","@id":"https:\/\/legus.al\/en\/#website","url":"https:\/\/legus.al\/en\/","name":"Legus","description":"Zyre Avokatie","publisher":{"@id":"https:\/\/legus.al\/en\/#organization"},"potentialAction":[{"@type":"SearchAction","target":{"@type":"EntryPoint","urlTemplate":"https:\/\/legus.al\/en\/?s={search_term_string}"},"query-input":{"@type":"PropertyValueSpecification","valueRequired":true,"valueName":"search_term_string"}}],"inLanguage":"it-IT"},{"@type":"Organization","@id":"https:\/\/legus.al\/en\/#organization","name":"Legus Law & Tax","url":"https:\/\/legus.al\/en\/","logo":{"@type":"ImageObject","inLanguage":"it-IT","@id":"https:\/\/legus.al\/en\/#\/schema\/logo\/image\/","url":"https:\/\/legus.al\/wp-content\/uploads\/2018\/04\/legus_logo5.png","contentUrl":"https:\/\/legus.al\/wp-content\/uploads\/2018\/04\/legus_logo5.png","width":313,"height":103,"caption":"Legus Law & Tax"},"image":{"@id":"https:\/\/legus.al\/en\/#\/schema\/logo\/image\/"},"sameAs":["https:\/\/www.facebook.com\/leguslaw","https:\/\/www.linkedin.com\/company\/legus\/","https:\/\/www.instagram.com\/legus_law\/"]}]}},"_links":{"self":[{"href":"https:\/\/legus.al\/it\/wp-json\/wp\/v2\/pages\/39","targetHints":{"allow":["GET"]}}],"collection":[{"href":"https:\/\/legus.al\/it\/wp-json\/wp\/v2\/pages"}],"about":[{"href":"https:\/\/legus.al\/it\/wp-json\/wp\/v2\/types\/page"}],"author":[{"embeddable":true,"href":"https:\/\/legus.al\/it\/wp-json\/wp\/v2\/users\/1"}],"replies":[{"embeddable":true,"href":"https:\/\/legus.al\/it\/wp-json\/wp\/v2\/comments?post=39"}],"version-history":[{"count":3,"href":"https:\/\/legus.al\/it\/wp-json\/wp\/v2\/pages\/39\/revisions"}],"predecessor-version":[{"id":495,"href":"https:\/\/legus.al\/it\/wp-json\/wp\/v2\/pages\/39\/revisions\/495"}],"wp:attachment":[{"href":"https:\/\/legus.al\/it\/wp-json\/wp\/v2\/media?parent=39"}],"curies":[{"name":"wp","href":"https:\/\/api.w.org\/{rel}","templated":true}]}}