{"id":47,"date":"2016-08-16T03:02:45","date_gmt":"2016-08-16T02:02:45","guid":{"rendered":"http:\/\/sw-themes.com\/porto_dummy\/?page_id=47"},"modified":"2018-12-28T13:38:30","modified_gmt":"2018-12-28T12:38:30","slug":"practice-areas","status":"publish","type":"page","link":"https:\/\/legus.al\/it\/practice-areas\/","title":{"rendered":"Aree di Pratica"},"content":{"rendered":"<p>[vc_row][vc_column][vc_custom_heading text=&#8221;Aree di Pratica&#8221; font_container=&#8221;tag:h2|font_size:36|text_align:left&#8221; use_theme_fonts=&#8221;yes&#8221; el_class=&#8221;m-b-md&#8221;][vc_separator color=&#8221;custom&#8221; align=&#8221;align_left&#8221; border_width=&#8221;3&#8243; type=&#8221;small&#8221; accent_color=&#8221;#cfa968&#8243;][vc_column_text el_class=&#8221;lead m-b-xlg&#8221;]<\/p>\n<div class=\"wpb_text_column wpb_content_element lead m-b-lg\">\n<div class=\"wpb_wrapper\">\n<div class=\"vc_column_container col-md-10\">\n<div class=\"wpb_wrapper vc_column-inner\">\n<div class=\"wpb_text_column wpb_content_element \">\n<div class=\"wpb_wrapper\">\n<p>Lo Studio Legale Legus, rappresenta ed assiste societ\u00e0 e clienti individuali, nazionali ed internazionali, fornendo una consulenza legale completa nell&#8217;ambito del diritto civile e commerciale.<\/p>\n<\/div>\n<\/div>\n<\/div>\n<\/div>\n<\/div>\n<\/div>\n<p>[\/vc_column_text]<div class=\"porto-toggles wpb_content_element  toggle-lg toggle-primary\" data-appear-animation=\"fadeInUp\">[vc_toggle title=&#8221;Diritto Commerciale&#8221; open=&#8221;true&#8221; css_animation=&#8221;none&#8221;]Lo Studio ha consolidato esperienza e competenza nella consulenza ed assistenza alle imprese ed alle societ\u00e0 capitali.<\/p>\n<p>Il modello di servizio dello Studio affronta le diverse problematiche d\u2019impresa\u00a0con\u00a0approccio interdisciplinare grazie alle diverse elevate competenze maturate dai propri professionisti.<\/p>\n<p>L\u2019approccio interdisciplinare consente allo Studio l\u2019interazione tra le diverse competenze ed un\u2019offerta di servizio di alta qualit\u00e0\u00a0frutto di una consolidata esperienza di lavoro in team.<\/p>\n<p>Lo Studio Legale LEGUS garantisce il massimo supporto al cliente in fatto di diritto commerciale e societario. Le societ\u00e0 vengono assistite sin dalla costituzione, con particolare accento sulla gestione dei rapporti tra soci (redazione di patti), nella preparazione e nella gestione delle riunioni, nella scelta del miglior modello di governance. Ed ancora, lo studio legale svolgendo attivit\u00e0 di consulenza e di\u00a0<em>due diligence<\/em>\u00a0per costituzioni di societ\u00e0, fusioni, scissioni ed acquisizioni, joint venture ed alleanze strategiche di mercato, contratti di cessione.[\/vc_toggle][vc_toggle title=&#8221;Diritto del Lavoro&#8221; css_animation=&#8221;none&#8221;]Lo Studio fornisce consulenza legale di diritto del lavoro ponendosi a supporto di una clientela ampia e variegata che include aziende, enti e lavoratori del settore pubblico e privato. Tale consulenza ha ad oggetto materie come la sicurezza sul lavoro, la contrattualistica individuale e collettiva. In sede di contenzioso giuslavoristico, inoltre, gli Avvocati offrono un&#8217;assistenza legale di alto profilo per licenziamenti, infortuni sul lavoro etc.<br \/>\nLo Studio fornisce servizi di assistenza continuativa al fine di accompagnare la propria clientela in tutta la gestione delle risorse umane.<br \/>\nLo Studio fornisce consulenza legale senza pagamento ne ambito del lavoro per l&#8217;impiegati licenziati che sonno in dificolta finanziaria.[\/vc_toggle][vc_toggle title=&#8221;Certificazioni ISO&#8221;]Legus svolge l&#8217;attivit\u00e0 di consulente del &#8220;Organismo di Certificazione Internazionale&#8221;<br \/>\nI sistemi di gestione perfezionati secondo gli standard internazionali ISO garantiscono che i prodotti e i servizi forniti sono sicuri, affidabili e di buona qualit\u00e0. Per l&#8217;attivit\u00e0 aziendale, sono strumenti strategici che consentono di ridurre i costi riducendo al minimo gli sprechi e aumentando l&#8217;efficienza nonch\u00e9 aumentando la produttivit\u00e0.<br \/>\nLegus ha la capacit\u00e0 di rispondere in modo tempestivo e soddisfare le esigenze dei clienti per fornire servizi di consulenza e supporto nel mediare la realizzazione dei benefit di un servizio qualificato, con l&#8217;obiettivo finale di offrire la migliore QUALIT\u00c0 Europea verso il prezzo pi\u00f9 CONVENIENTE.<br \/>\nL\u2019impegno, la dedizione, la professionalit\u00e0 e l&#8217;affidabilit\u00e0 del team Legus nella certificazione e un efficace controllo degli standard hanno contribuito efficacemente a migliorare la gestione e il coordinamento delle attivit\u00e0 dei nostri clienti.<br \/>\nL&#8217;importanza di organizzare un&#8217;attivit\u00e0 \u00e8 primaria perch\u00e9 l&#8217;efficienza, la standardizzazione quotidiana di alto livello \u00e8 la locomozione e una garanzia di successo. Il nostro obiettivo \u00e8 fornire una consulenza di alto livello, che abbiamo raggiunto grazie all&#8217;esperienza maturata e ai numerosi sforzi per trovare la migliore soluzione per i nostri clienti.<br \/>\nISO 9001<br \/>\nSistema di Gestione della Qualit\u00e0.<\/p>\n<p>ISO 14001<br \/>\nSistema di Gestione Ambientale.<\/p>\n<p>ENplus &amp; DINplus<br \/>\nSistemi di certificazione del pellet.<\/p>\n<p>OHSAS 18001<br \/>\nGestione della sicurezza e della salute sul lavoro.<\/p>\n<p>ISO 22000<br \/>\nGestione della sicurezza alimentare.<\/p>\n<p>ISO\/IEC 27001<br \/>\nGestione della sicurezza delle informazioni.<\/p>\n<p>ISO 39001<br \/>\nGestione del traffico stradale.<\/p>\n<p>ISO 50001<br \/>\nSistema di gestione dell&#8217;energia.<\/p>\n<p>PAS 99<br \/>\nSistema di gestione integrato<\/p>\n<p>ISO 26000<br \/>\nResponsabilit\u00e0 sociale<\/p>\n<p>HACCP<br \/>\nSistema di autocontrollo<\/p>\n<p>Certificazioni del personale<\/p>\n<p>CE<br \/>\nMarcatura CE<\/p>\n<p>ISO 28001<br \/>\nGestione della sicurezza nella catena di fornitura<\/p>\n<p>Halal Certification<br \/>\nCertificato per prodotti halal[\/vc_toggle][vc_toggle title=&#8221;Recupero Crediti&#8221; css_animation=&#8221;none&#8221;]Esperienza, discrezione, professionalit\u00e0 e un sistema di qualit\u00e0 certificato vengono forniti dallo studio per garantire al cliente un servizio di recupero crediti veloce, sicuro, efficiente e &#8211; molto importante &#8211; senza nessuna controindicazione.<br \/>\nL&#8217;attivit\u00e0 di recupero crediti non \u00e8 mai semplice, per questo deve essere gestita in modo sicuro e da esperti competenti, in grado di intervenire sia nella fase stragiudiziale che nella successiva fase giudiziale.<br \/>\nLo studio legale LEGUS, \u00e8 in grado di garantire alla clientela la massima assistenza legale per l&#8217;attivit\u00e0 di recupero crediti.[\/vc_toggle][vc_toggle title=&#8221;Diritto di Famiglia&#8221; css_animation=&#8221;none&#8221;]In tale ambito si inserisce l\u2019attivit\u00e0 di consulenza legale giudiziale e stragiudiziale svolta dallo Studio Legale LEGUS nel settore del diritto di famiglia. Lo studio si avvale della collaborazione di esperti del settore con competenze specifiche in separazioni, contratti di convivenza, adozione e affido familiare, violenza all\u2019interno delle relazioni familiari e materia successoria.<\/p>\n<p>Il ramo del diritto che regola i rapporti famigliari \u00e8 detto diritto di famiglia, rientrano in quest\u2019ambito anche i rapporti di parentela, matrimoni e separazioni.<\/p>\n<p>Gli avvocati divorzisti sono specializzati in questa branca del diritto che regola i rapporti tra coniugi e sono in grado di fornire un\u2019assistenza legale mirata in caso di controversie e problematiche della coppia che possono causare la separazione.<br \/>\nSoluzioni legali a controversie famigliari<\/p>\n<p>Il legale si occupa di illustrare ai coniugi i propri diritti e doveri e offre soluzioni legali nel caso di fine dell\u2019unione matrimoniale, occupandosi inoltre di problematiche riguardanti:<br \/>\n\u2022 La divisione patrimoniale<br \/>\n\u2022 L\u2019assegnazione dei beni<br \/>\n\u2022 L&#8217;assegnazione della casa coniugale<br \/>\n\u2022 L\u2019affidamento dei figli minorenni[\/vc_toggle][vc_toggle title=&#8221;Energia&#8221; css_animation=&#8221;none&#8221;]Studio Ligjore LEGUS ha sviluppato un\u2019ampia conoscenza del settore minerario e del settore energetico, interessato dai processi di liberalizzazione sviluppatisi a livello comunitario. Lo Studio fornisce assistenza giudiziale ed alta consulenza agli operatori del settore, pubblici e privati, dagli investitori ai produttori, dai finanziatori ai distributori, dai gestori ai traders, nonch\u00e9 agli utenti. Particolare attenzione, inoltre, \u00e8 dedicata alla materia delle fonti rinnovabili (fotovoltaico, eolico, geotermico, biomasse e idraulico) e ai molteplici profili di interferenza dei procedimenti energetici con i procedimenti urbanistici ed ambientali.[\/vc_toggle][vc_toggle title=&#8221;Concessioni &#8221; css_animation=&#8221;none&#8221;]Lo Studio, attraverso l\u2019esperienza maturata nel settore dai propri Professionisti, \u00e8 in grado di offrire servizi di consulenza ed assistenza legale su qualsiasi problematica relativa al diritto amministrativo, con particolare riferimento ai settori degli appalti pubblici, delle concessioni di costruzione e gestione del project financing, del diritto ambientale, dei beni culturali, dell\u2019energia, dei trasporti, dell\u2019urbanistica, delle telecomunicazioni, delle privatizzazioni, dei servizi pubblici, nonch\u00e9 delle licenze commerciali e delle autorizzazioni amministrative.<\/p>\n<p>Pi\u00f9 in dettaglio, in materia di appalti pubblici lo Studio presta consulenza a soggetti che intendono partecipare a gare per l\u2019affidamento di lavori pubblici e concessioni, nonch\u00e9 a gare per l\u2019affidamento di appalti pubblici di servizi e forniture, offrendo assistenza, se richiesto, anche nelle fasi successive alla stipulazione dei relativi contratti. Per quel che concerne le stazioni appaltanti, lo Studio presta assistenza su questioni concernenti le procedure di gara nel suo complesso (particolarmente con riferimento alla normativa in materia di concorrenza e procedure di gara), nonch\u00e9 nella redazione della documentazione di gara. In materia di appalti l\u2019assistenza offerta dallo Studio include la redazione e la negoziazione di contratti di appalto di lavori e di servizi, l&#8217;assistenza fin dalla fase dell&#8217;offerta iniziale per la stipulazione di nuovi contratti, l&#8217;assistenza nel deposito degli atti e nella difesa da cause sorte durante l&#8217;esecuzione del contratto, l&#8217;assistenza nella risoluzione di controversie, per lo pi\u00f9 attraverso arbitrati, e la consulenza sull&#8217;applicazione della normativa comunitaria ai contratti di appalto di lavori e di fornitura di servizi nel settore pubblico.[\/vc_toggle][vc_toggle title=&#8221;Risarcimento Danni&#8221; css_animation=&#8221;none&#8221;]Risarcimento Danni Patrimoniali e Non Patrimoniali<\/p>\n<p>Lo studio legale LEGUS \u00e8 in grado di fornire un&#8217;assistenza qualificata in tutti i rami del diritto civile, ivi compresa ogni richiesta di risarcimento danni a seguito di un danno subito da terzi per dolo o per colpa.<\/p>\n<p>Ogni qualvolta si ritenga di aver subito un danno di tipo patrimoniale o non patrimoniale, a seguito ad esempio d\u2019incidente stradale, errore medico o diffamazione, \u00e8 possibile ricorrere in giudizio per vedere riconosciuto il proprio diritto al risarcimento del danno.[\/vc_toggle][vc_toggle title=&#8221;Propriet\u00e0 Intellettuale, Marchi e Brevetti&#8221; css_animation=&#8221;none&#8221;]I professionisti dell&#8217;Studio forniscono assistenza, sia giudiziale che extragiudiziale, nella gestione delle questioni relative alla propriet\u00e0 intellettuale sia per le persone fisiche che per le imprese.<\/p>\n<p>In particolare, il team si occupa di marchi, brevetti, design e diritto d&#8217;autore.[\/vc_toggle]<\/div>[\/vc_column][\/vc_row]<\/p>","protected":false},"excerpt":{"rendered":"<p>[vc_row][vc_column][vc_custom_heading text=&#8221;Aree di Pratica&#8221; font_container=&#8221;tag:h2|font_size:36|text_align:left&#8221; use_theme_fonts=&#8221;yes&#8221; el_class=&#8221;m-b-md&#8221;][vc_separator color=&#8221;custom&#8221; align=&#8221;align_left&#8221; border_width=&#8221;3&#8243; type=&#8221;small&#8221; accent_color=&#8221;#cfa968&#8243;][vc_column_text el_class=&#8221;lead m-b-xlg&#8221;] Lo Studio Legale Legus, rappresenta ed assiste societ\u00e0 e clienti individuali, nazionali ed internazionali, fornendo una consulenza legale completa nell&#8217;ambito del diritto civile e commerciale. [\/vc_column_text][\/vc_column][\/vc_row]<\/p>\n","protected":false},"author":1,"featured_media":0,"parent":0,"menu_order":0,"comment_status":"closed","ping_status":"closed","template":"","meta":{"footnotes":""},"class_list":["post-47","page","type-page","status-publish","hentry"],"yoast_head":"<!-- This site is optimized with the Yoast SEO plugin v24.7 - https:\/\/yoast.com\/wordpress\/plugins\/seo\/ -->\n<title>Aree di Pratica - Legus<\/title>\n<meta name=\"description\" content=\"lawlawyerlaw legal servicesonline attorney servicesthe legallaw siteslegal officelegal advice lawyerslegal advicelegal counselorco legal servicestax paymentbusiness tax accountbook keeping &amp; accountancyaccounting consultantmanagement accountingfinancial accountingcompany accountantaccounting professionalstax accounting firmslargest accounting firmslocal account\" \/>\n<meta name=\"robots\" content=\"index, follow, max-snippet:-1, max-image-preview:large, max-video-preview:-1\" \/>\n<link rel=\"canonical\" href=\"https:\/\/legus.al\/practice-areas\/\" \/>\n<meta property=\"og:locale\" content=\"it_IT\" \/>\n<meta property=\"og:type\" content=\"article\" \/>\n<meta property=\"og:title\" content=\"Aree di Pratica - Legus\" \/>\n<meta property=\"og:description\" content=\"lawlawyerlaw legal servicesonline attorney servicesthe legallaw siteslegal officelegal advice lawyerslegal advicelegal counselorco legal servicestax paymentbusiness tax accountbook keeping &amp; accountancyaccounting consultantmanagement accountingfinancial accountingcompany accountantaccounting professionalstax accounting firmslargest accounting firmslocal account\" \/>\n<meta property=\"og:url\" content=\"https:\/\/legus.al\/practice-areas\/\" \/>\n<meta property=\"og:site_name\" content=\"Legus\" \/>\n<meta property=\"article:publisher\" content=\"https:\/\/www.facebook.com\/leguslaw\" \/>\n<meta property=\"article:modified_time\" content=\"2018-12-28T12:38:30+00:00\" \/>\n<meta name=\"twitter:label1\" content=\"Tempo di lettura stimato\" \/>\n\t<meta name=\"twitter:data1\" content=\"22 minuti\" \/>\n<script type=\"application\/ld+json\" class=\"yoast-schema-graph\">{\"@context\":\"https:\/\/schema.org\",\"@graph\":[{\"@type\":\"WebPage\",\"@id\":\"https:\/\/legus.al\/practice-areas\/\",\"url\":\"https:\/\/legus.al\/practice-areas\/\",\"name\":\"Aree di Pratica - Legus\",\"isPartOf\":{\"@id\":\"https:\/\/legus.al\/en\/#website\"},\"datePublished\":\"2016-08-16T02:02:45+00:00\",\"dateModified\":\"2018-12-28T12:38:30+00:00\",\"description\":\"lawlawyerlaw legal servicesonline attorney servicesthe legallaw siteslegal officelegal advice lawyerslegal advicelegal counselorco legal servicestax paymentbusiness tax accountbook keeping & accountancyaccounting consultantmanagement accountingfinancial accountingcompany accountantaccounting professionalstax accounting firmslargest accounting firmslocal account\",\"breadcrumb\":{\"@id\":\"https:\/\/legus.al\/practice-areas\/#breadcrumb\"},\"inLanguage\":\"it-IT\",\"potentialAction\":[{\"@type\":\"ReadAction\",\"target\":[\"https:\/\/legus.al\/practice-areas\/\"]}]},{\"@type\":\"BreadcrumbList\",\"@id\":\"https:\/\/legus.al\/practice-areas\/#breadcrumb\",\"itemListElement\":[{\"@type\":\"ListItem\",\"position\":1,\"name\":\"Home\",\"item\":\"https:\/\/legus.al\/it\/\"},{\"@type\":\"ListItem\",\"position\":2,\"name\":\"Fushat e Praktik\u00ebs\"}]},{\"@type\":\"WebSite\",\"@id\":\"https:\/\/legus.al\/en\/#website\",\"url\":\"https:\/\/legus.al\/en\/\",\"name\":\"Legus\",\"description\":\"Zyre Avokatie\",\"publisher\":{\"@id\":\"https:\/\/legus.al\/en\/#organization\"},\"potentialAction\":[{\"@type\":\"SearchAction\",\"target\":{\"@type\":\"EntryPoint\",\"urlTemplate\":\"https:\/\/legus.al\/en\/?s={search_term_string}\"},\"query-input\":{\"@type\":\"PropertyValueSpecification\",\"valueRequired\":true,\"valueName\":\"search_term_string\"}}],\"inLanguage\":\"it-IT\"},{\"@type\":\"Organization\",\"@id\":\"https:\/\/legus.al\/en\/#organization\",\"name\":\"Legus Law & Tax\",\"url\":\"https:\/\/legus.al\/en\/\",\"logo\":{\"@type\":\"ImageObject\",\"inLanguage\":\"it-IT\",\"@id\":\"https:\/\/legus.al\/en\/#\/schema\/logo\/image\/\",\"url\":\"https:\/\/legus.al\/wp-content\/uploads\/2018\/04\/legus_logo5.png\",\"contentUrl\":\"https:\/\/legus.al\/wp-content\/uploads\/2018\/04\/legus_logo5.png\",\"width\":313,\"height\":103,\"caption\":\"Legus Law & Tax\"},\"image\":{\"@id\":\"https:\/\/legus.al\/en\/#\/schema\/logo\/image\/\"},\"sameAs\":[\"https:\/\/www.facebook.com\/leguslaw\",\"https:\/\/www.linkedin.com\/company\/legus\/\",\"https:\/\/www.instagram.com\/legus_law\/\"]}]}<\/script>\n<!-- \/ Yoast SEO plugin. -->","yoast_head_json":{"title":"Aree di Pratica - Legus","description":"lawlawyerlaw legal servicesonline attorney servicesthe legallaw siteslegal officelegal advice lawyerslegal advicelegal counselorco legal servicestax paymentbusiness tax accountbook keeping & accountancyaccounting consultantmanagement accountingfinancial accountingcompany accountantaccounting professionalstax accounting firmslargest accounting firmslocal account","robots":{"index":"index","follow":"follow","max-snippet":"max-snippet:-1","max-image-preview":"max-image-preview:large","max-video-preview":"max-video-preview:-1"},"canonical":"https:\/\/legus.al\/practice-areas\/","og_locale":"it_IT","og_type":"article","og_title":"Aree di Pratica - Legus","og_description":"lawlawyerlaw legal servicesonline attorney servicesthe legallaw siteslegal officelegal advice lawyerslegal advicelegal counselorco legal servicestax paymentbusiness tax accountbook keeping & accountancyaccounting consultantmanagement accountingfinancial accountingcompany accountantaccounting professionalstax accounting firmslargest accounting firmslocal account","og_url":"https:\/\/legus.al\/practice-areas\/","og_site_name":"Legus","article_publisher":"https:\/\/www.facebook.com\/leguslaw","article_modified_time":"2018-12-28T12:38:30+00:00","twitter_misc":{"Tempo di lettura stimato":"22 minuti"},"schema":{"@context":"https:\/\/schema.org","@graph":[{"@type":"WebPage","@id":"https:\/\/legus.al\/practice-areas\/","url":"https:\/\/legus.al\/practice-areas\/","name":"Aree di Pratica - Legus","isPartOf":{"@id":"https:\/\/legus.al\/en\/#website"},"datePublished":"2016-08-16T02:02:45+00:00","dateModified":"2018-12-28T12:38:30+00:00","description":"lawlawyerlaw legal servicesonline attorney servicesthe legallaw siteslegal officelegal advice lawyerslegal advicelegal counselorco legal servicestax paymentbusiness tax accountbook keeping & accountancyaccounting consultantmanagement accountingfinancial accountingcompany accountantaccounting professionalstax accounting firmslargest accounting firmslocal account","breadcrumb":{"@id":"https:\/\/legus.al\/practice-areas\/#breadcrumb"},"inLanguage":"it-IT","potentialAction":[{"@type":"ReadAction","target":["https:\/\/legus.al\/practice-areas\/"]}]},{"@type":"BreadcrumbList","@id":"https:\/\/legus.al\/practice-areas\/#breadcrumb","itemListElement":[{"@type":"ListItem","position":1,"name":"Home","item":"https:\/\/legus.al\/it\/"},{"@type":"ListItem","position":2,"name":"Fushat e Praktik\u00ebs"}]},{"@type":"WebSite","@id":"https:\/\/legus.al\/en\/#website","url":"https:\/\/legus.al\/en\/","name":"Legus","description":"Zyre Avokatie","publisher":{"@id":"https:\/\/legus.al\/en\/#organization"},"potentialAction":[{"@type":"SearchAction","target":{"@type":"EntryPoint","urlTemplate":"https:\/\/legus.al\/en\/?s={search_term_string}"},"query-input":{"@type":"PropertyValueSpecification","valueRequired":true,"valueName":"search_term_string"}}],"inLanguage":"it-IT"},{"@type":"Organization","@id":"https:\/\/legus.al\/en\/#organization","name":"Legus Law & Tax","url":"https:\/\/legus.al\/en\/","logo":{"@type":"ImageObject","inLanguage":"it-IT","@id":"https:\/\/legus.al\/en\/#\/schema\/logo\/image\/","url":"https:\/\/legus.al\/wp-content\/uploads\/2018\/04\/legus_logo5.png","contentUrl":"https:\/\/legus.al\/wp-content\/uploads\/2018\/04\/legus_logo5.png","width":313,"height":103,"caption":"Legus Law & Tax"},"image":{"@id":"https:\/\/legus.al\/en\/#\/schema\/logo\/image\/"},"sameAs":["https:\/\/www.facebook.com\/leguslaw","https:\/\/www.linkedin.com\/company\/legus\/","https:\/\/www.instagram.com\/legus_law\/"]}]}},"_links":{"self":[{"href":"https:\/\/legus.al\/it\/wp-json\/wp\/v2\/pages\/47","targetHints":{"allow":["GET"]}}],"collection":[{"href":"https:\/\/legus.al\/it\/wp-json\/wp\/v2\/pages"}],"about":[{"href":"https:\/\/legus.al\/it\/wp-json\/wp\/v2\/types\/page"}],"author":[{"embeddable":true,"href":"https:\/\/legus.al\/it\/wp-json\/wp\/v2\/users\/1"}],"replies":[{"embeddable":true,"href":"https:\/\/legus.al\/it\/wp-json\/wp\/v2\/comments?post=47"}],"version-history":[{"count":0,"href":"https:\/\/legus.al\/it\/wp-json\/wp\/v2\/pages\/47\/revisions"}],"wp:attachment":[{"href":"https:\/\/legus.al\/it\/wp-json\/wp\/v2\/media?parent=47"}],"curies":[{"name":"wp","href":"https:\/\/api.w.org\/{rel}","templated":true}]}}